{"id":15834,"date":"2023-10-20T20:32:05","date_gmt":"2023-10-20T18:32:05","guid":{"rendered":"https:\/\/eterle.cz\/eshop\/produkt\/snidanova-sada-hutschenreuther\/"},"modified":"2025-06-24T01:53:47","modified_gmt":"2025-06-23T23:53:47","slug":"snidanova-sada-hutschenreuther","status":"publish","type":"product","link":"https:\/\/eterle.cz\/eshop\/produkt\/snidanova-sada-hutschenreuther\/","title":{"rendered":"Sn\u00edda\u0148ov\u00e1 sada \/ Hutschenreuther"},"content":{"rendered":"<p>Sn\u00edda\u0148ov\u00e1 sada od n\u011bmeck\u00e9 porcel\u00e1nky Hutschenreuther, jedn\u00e9 z nejstar\u0161\u00edch evropsk\u00fdch porcel\u00e1nek, kter\u00e1 pat\u0159\u00ed u\u017e p\u0159es dv\u011b dek\u00e1dy do \u201erodiny\u201c Rosenthal. Sada je zdobena ru\u010dn\u011b malovan\u00fdmi kobaltov\u00fdmi r\u016f\u017eemi a drobn\u00fdm plastick\u00fdm vzorem. St\u0159ep hrne\u010dku je velmi tenk\u00fd se subtiln\u00edm uchem. K dispozici je do sady i ml\u00e9kovka.<\/p>\n<p>Stav: nepou\u017eit\u00e9<br \/>\nZna\u010dka: Hutschenreuther<br \/>\nRozm\u011br<br \/>\nPr\u016fm\u011br dezertn\u00ed tal\u00ed\u0159ek: 19 cm<br \/>\nPr\u016fm\u011br pod\u0161\u00e1lek: 14 cm<br \/>\nObjem hrne\u010dku: 150 ml<\/p>\n","protected":false},"excerpt":{"rendered":"<p>Sn\u00edda\u0148ov\u00e1 sada od n\u011bmeck\u00e9 porcel\u00e1nky Hutschenreuther, jedn\u00e9 z nejstar\u0161\u00edch evropsk\u00fdch porcel\u00e1nek, kter\u00e1 pat\u0159\u00ed u\u017e p\u0159es dv\u011b dek\u00e1dy do \u201erodiny\u201c Rosenthal.<\/p>\n","protected":false},"featured_media":14659,"template":"","meta":[],"product_brand":[153],"product_cat":[76,120],"product_tag":[],"class_list":{"0":"post-15834","1":"product","2":"type-product","3":"status-publish","4":"has-post-thumbnail","6":"product_brand-eterle-cz","7":"product_cat-porcelan","8":"product_cat-hrnecky","10":"first","11":"instock","12":"purchasable","13":"product-type-simple"},"_links":{"self":[{"href":"https:\/\/eterle.cz\/eshop\/wp-json\/wp\/v2\/product\/15834","targetHints":{"allow":["GET"]}}],"collection":[{"href":"https:\/\/eterle.cz\/eshop\/wp-json\/wp\/v2\/product"}],"about":[{"href":"https:\/\/eterle.cz\/eshop\/wp-json\/wp\/v2\/types\/product"}],"version-history":[{"count":1,"href":"https:\/\/eterle.cz\/eshop\/wp-json\/wp\/v2\/product\/15834\/revisions"}],"predecessor-version":[{"id":26302,"href":"https:\/\/eterle.cz\/eshop\/wp-json\/wp\/v2\/product\/15834\/revisions\/26302"}],"wp:featuredmedia":[{"embeddable":true,"href":"https:\/\/eterle.cz\/eshop\/wp-json\/wp\/v2\/media\/14659"}],"wp:attachment":[{"href":"https:\/\/eterle.cz\/eshop\/wp-json\/wp\/v2\/media?parent=15834"}],"wp:term":[{"taxonomy":"product_brand","embeddable":true,"href":"https:\/\/eterle.cz\/eshop\/wp-json\/wp\/v2\/product_brand?post=15834"},{"taxonomy":"product_cat","embeddable":true,"href":"https:\/\/eterle.cz\/eshop\/wp-json\/wp\/v2\/product_cat?post=15834"},{"taxonomy":"product_tag","embeddable":true,"href":"https:\/\/eterle.cz\/eshop\/wp-json\/wp\/v2\/product_tag?post=15834"}],"curies":[{"name":"wp","href":"https:\/\/api.w.org\/{rel}","templated":true}]}}