{"id":15837,"date":"2023-10-20T20:32:21","date_gmt":"2023-10-20T18:32:21","guid":{"rendered":"https:\/\/eterle.cz\/eshop\/produkt\/detska-jidelni-sada-thun-3\/"},"modified":"2025-02-16T02:52:19","modified_gmt":"2025-02-16T01:52:19","slug":"detska-jidelni-sada-thun-3","status":"publish","type":"product","link":"https:\/\/eterle.cz\/eshop\/produkt\/detska-jidelni-sada-thun-3\/","title":{"rendered":"D\u011btsk\u00e1 j\u00eddeln\u00ed sada \/ Thun"},"content":{"rendered":"<p>J\u00eddeln\u00ed d\u011btsk\u00e1 sada s hrav\u00fdm motivem doktor Bol\u00edto, kter\u00fd je obl\u00edben nejen u d\u011bt\u00ed, ale i u rodi\u010d\u016f, u kter\u00fdch vyvol\u00e1v\u00e1 vzpom\u00ednky. Poutav\u00e1 ilustrace v\u00e1m snadno poskytne t\u00e9ma k vypr\u00e1v\u011bn\u00ed u stolov\u00e1n\u00ed. Nav\u00edc d\u011bti budou r\u00e1dy doj\u00eddat, proto\u017ee se t\u011b\u0161\u00ed na obr\u00e1zky na dn\u011b tal\u00ed\u0159e a to i kdy\u017e u\u017e je znaj\u00ed.<\/p>\n<p>Stav: nov\u00e9<br \/>\nZna\u010dka: Thun, vzor Bernadotte<br \/>\nRozm\u011br<br \/>\nPr\u016fm\u011br m\u011blk\u00fd tal\u00ed\u0159: 20 cm<br \/>\nPr\u016fm\u011br hlubok\u00fd: 21 cm<br \/>\nObjem hrne\u010dku: 200 ml<\/p>\n","protected":false},"excerpt":{"rendered":"<p>J\u00eddeln\u00ed d\u011btsk\u00e1 sada s hrav\u00fdm motivem doktor Bol\u00edto, kter\u00fd je obl\u00edben nejen u d\u011bt\u00ed, ale i u rodi\u010d\u016f, u kter\u00fdch<\/p>\n","protected":false},"featured_media":14683,"template":"","meta":[],"product_brand":[153],"product_cat":[91],"product_tag":[],"class_list":{"0":"post-15837","1":"product","2":"type-product","3":"status-publish","4":"has-post-thumbnail","6":"product_brand-eterle-cz","7":"product_cat-prodane","9":"first","10":"outofstock","11":"purchasable","12":"product-type-simple"},"_links":{"self":[{"href":"https:\/\/eterle.cz\/eshop\/wp-json\/wp\/v2\/product\/15837","targetHints":{"allow":["GET"]}}],"collection":[{"href":"https:\/\/eterle.cz\/eshop\/wp-json\/wp\/v2\/product"}],"about":[{"href":"https:\/\/eterle.cz\/eshop\/wp-json\/wp\/v2\/types\/product"}],"version-history":[{"count":0,"href":"https:\/\/eterle.cz\/eshop\/wp-json\/wp\/v2\/product\/15837\/revisions"}],"wp:featuredmedia":[{"embeddable":true,"href":"https:\/\/eterle.cz\/eshop\/wp-json\/wp\/v2\/media\/14683"}],"wp:attachment":[{"href":"https:\/\/eterle.cz\/eshop\/wp-json\/wp\/v2\/media?parent=15837"}],"wp:term":[{"taxonomy":"product_brand","embeddable":true,"href":"https:\/\/eterle.cz\/eshop\/wp-json\/wp\/v2\/product_brand?post=15837"},{"taxonomy":"product_cat","embeddable":true,"href":"https:\/\/eterle.cz\/eshop\/wp-json\/wp\/v2\/product_cat?post=15837"},{"taxonomy":"product_tag","embeddable":true,"href":"https:\/\/eterle.cz\/eshop\/wp-json\/wp\/v2\/product_tag?post=15837"}],"curies":[{"name":"wp","href":"https:\/\/api.w.org\/{rel}","templated":true}]}}