{"id":15838,"date":"2023-10-20T20:32:27","date_gmt":"2023-10-20T18:32:27","guid":{"rendered":"https:\/\/eterle.cz\/eshop\/produkt\/mini-konvicka\/"},"modified":"2025-06-24T01:53:47","modified_gmt":"2025-06-23T23:53:47","slug":"mini-konvicka","status":"publish","type":"product","link":"https:\/\/eterle.cz\/eshop\/produkt\/mini-konvicka\/","title":{"rendered":"Mini konvi\u010dka"},"content":{"rendered":"<p>Roztomil\u00e1 mini konvi\u010dka jak z poh\u00e1dky na sn\u00eddani pro jednoho nebo se d\u00e1 vyu\u017e\u00edt jako ml\u00e9kovka.<\/p>\n<p>Stav: nepou\u017eit\u00e9<br \/>\nRozm\u011br<br \/>\nObjem: 250 ml<br \/>\nV\u00fd\u0161ka: 15 cm<\/p>\n","protected":false},"excerpt":{"rendered":"<p>Roztomil\u00e1 mini konvi\u010dka jak z poh\u00e1dky na sn\u00eddani pro jednoho nebo se d\u00e1 vyu\u017e\u00edt jako ml\u00e9kovka. Stav: nepou\u017eit\u00e9 Rozm\u011br Objem:<\/p>\n","protected":false},"featured_media":14687,"template":"","meta":[],"product_brand":[153],"product_cat":[76,108,107],"product_tag":[],"class_list":{"0":"post-15838","1":"product","2":"type-product","3":"status-publish","4":"has-post-thumbnail","6":"product_brand-eterle-cz","7":"product_cat-porcelan","8":"product_cat-cukrenky-a-mlekovky","9":"product_cat-konvicky","11":"first","12":"instock","13":"purchasable","14":"product-type-simple"},"_links":{"self":[{"href":"https:\/\/eterle.cz\/eshop\/wp-json\/wp\/v2\/product\/15838","targetHints":{"allow":["GET"]}}],"collection":[{"href":"https:\/\/eterle.cz\/eshop\/wp-json\/wp\/v2\/product"}],"about":[{"href":"https:\/\/eterle.cz\/eshop\/wp-json\/wp\/v2\/types\/product"}],"version-history":[{"count":1,"href":"https:\/\/eterle.cz\/eshop\/wp-json\/wp\/v2\/product\/15838\/revisions"}],"predecessor-version":[{"id":26301,"href":"https:\/\/eterle.cz\/eshop\/wp-json\/wp\/v2\/product\/15838\/revisions\/26301"}],"wp:featuredmedia":[{"embeddable":true,"href":"https:\/\/eterle.cz\/eshop\/wp-json\/wp\/v2\/media\/14687"}],"wp:attachment":[{"href":"https:\/\/eterle.cz\/eshop\/wp-json\/wp\/v2\/media?parent=15838"}],"wp:term":[{"taxonomy":"product_brand","embeddable":true,"href":"https:\/\/eterle.cz\/eshop\/wp-json\/wp\/v2\/product_brand?post=15838"},{"taxonomy":"product_cat","embeddable":true,"href":"https:\/\/eterle.cz\/eshop\/wp-json\/wp\/v2\/product_cat?post=15838"},{"taxonomy":"product_tag","embeddable":true,"href":"https:\/\/eterle.cz\/eshop\/wp-json\/wp\/v2\/product_tag?post=15838"}],"curies":[{"name":"wp","href":"https:\/\/api.w.org\/{rel}","templated":true}]}}