{"id":15840,"date":"2023-10-20T20:32:37","date_gmt":"2023-10-20T18:32:37","guid":{"rendered":"https:\/\/eterle.cz\/eshop\/produkt\/nadoba-na-led\/"},"modified":"2025-06-24T01:53:46","modified_gmt":"2025-06-23T23:53:46","slug":"nadoba-na-led","status":"publish","type":"product","link":"https:\/\/eterle.cz\/eshop\/produkt\/nadoba-na-led\/","title":{"rendered":"N\u00e1doba na led"},"content":{"rendered":"<p>Porcel\u00e1nov\u00e1 n\u00e1doba na led, kter\u00e1 lze ale pou\u017e\u00edt i jako designov\u00e1 v\u00e1za nebo obal na kv\u011btin\u00e1\u010d, kter\u00fd lze d\u00edky otovoru i zav\u011bsit.<\/p>\n<p>Stav: nov\u00e9<br \/>\nRozm\u011br<br \/>\nObjem: 2,5 l<br \/>\nV\u00fd\u0161ka:  24 cm<\/p>\n","protected":false},"excerpt":{"rendered":"<p>Porcel\u00e1nov\u00e1 n\u00e1doba na led, kter\u00e1 lze ale pou\u017e\u00edt i jako designov\u00e1 v\u00e1za nebo obal na kv\u011btin\u00e1\u010d, kter\u00fd lze d\u00edky otovoru<\/p>\n","protected":false},"featured_media":14697,"template":"","meta":[],"product_brand":[153],"product_cat":[76,113],"product_tag":[],"class_list":{"0":"post-15840","1":"product","2":"type-product","3":"status-publish","4":"has-post-thumbnail","6":"product_brand-eterle-cz","7":"product_cat-porcelan","8":"product_cat-ostatni","10":"first","11":"instock","12":"purchasable","13":"product-type-simple"},"_links":{"self":[{"href":"https:\/\/eterle.cz\/eshop\/wp-json\/wp\/v2\/product\/15840","targetHints":{"allow":["GET"]}}],"collection":[{"href":"https:\/\/eterle.cz\/eshop\/wp-json\/wp\/v2\/product"}],"about":[{"href":"https:\/\/eterle.cz\/eshop\/wp-json\/wp\/v2\/types\/product"}],"version-history":[{"count":1,"href":"https:\/\/eterle.cz\/eshop\/wp-json\/wp\/v2\/product\/15840\/revisions"}],"predecessor-version":[{"id":26299,"href":"https:\/\/eterle.cz\/eshop\/wp-json\/wp\/v2\/product\/15840\/revisions\/26299"}],"wp:featuredmedia":[{"embeddable":true,"href":"https:\/\/eterle.cz\/eshop\/wp-json\/wp\/v2\/media\/14697"}],"wp:attachment":[{"href":"https:\/\/eterle.cz\/eshop\/wp-json\/wp\/v2\/media?parent=15840"}],"wp:term":[{"taxonomy":"product_brand","embeddable":true,"href":"https:\/\/eterle.cz\/eshop\/wp-json\/wp\/v2\/product_brand?post=15840"},{"taxonomy":"product_cat","embeddable":true,"href":"https:\/\/eterle.cz\/eshop\/wp-json\/wp\/v2\/product_cat?post=15840"},{"taxonomy":"product_tag","embeddable":true,"href":"https:\/\/eterle.cz\/eshop\/wp-json\/wp\/v2\/product_tag?post=15840"}],"curies":[{"name":"wp","href":"https:\/\/api.w.org\/{rel}","templated":true}]}}