{"id":15841,"date":"2023-10-20T20:32:42","date_gmt":"2023-10-20T18:32:42","guid":{"rendered":"https:\/\/eterle.cz\/eshop\/produkt\/jidelni-sada-pro-6-weimar\/"},"modified":"2025-02-16T02:52:17","modified_gmt":"2025-02-16T01:52:17","slug":"jidelni-sada-pro-6-weimar","status":"publish","type":"product","link":"https:\/\/eterle.cz\/eshop\/produkt\/jidelni-sada-pro-6-weimar\/","title":{"rendered":"J\u00eddeln\u00ed sada pro 6 \/ Weimar"},"content":{"rendered":"<p>J\u00eddeln\u00ed sada pro 6 osob od rakousk\u00e9 porcel\u00e1nky Weimar zalo\u017een\u00e9 v roce 1790. Jedn\u00e1 se o \u0159adu Katharina, velmi bohat\u011b zdobenou a to jak plasticky, tak barevn\u00fdm dekorem kv\u011btin s ru\u010dn\u011b malovanou zlatou linkou. Kr\u00e1sn\u00e1 sada pro romantick\u00e9 du\u0161e. <\/p>\n<p>Sada obsahuje: 6 m\u011blk\u00fdch tal\u00ed\u0159\u016f, 6 hlubok\u00fdch tal\u00ed\u0159\u016f, 6 dezertn\u00edch tal\u00ed\u0159\u016f a 1 pol\u00e9vkovou m\u00edsu<\/p>\n<p>Stav: velmi dobr\u00fd, zlat\u00e1 linka nepo\u0161kozena<br \/>\nZna\u010dka: Weimar<br \/>\nRozm\u011br<br \/>\nPr\u016fm\u011br dezertn\u00ed tal\u00ed\u0159ek: 20 cm<br \/>\nPr\u016fm\u011br m\u011blk\u00fd tal\u00ed\u0159: 24 cm<br \/>\nPr\u016fm\u011br hlubok\u00fd tal\u00ed\u0159: 24 cm<br \/>\nObjem pol. m\u00edsy: 1 l<\/p>\n","protected":false},"excerpt":{"rendered":"<p>J\u00eddeln\u00ed sada pro 6 osob od rakousk\u00e9 porcel\u00e1nky Weimar zalo\u017een\u00e9 v roce 1790. Jedn\u00e1 se o \u0159adu Katharina, velmi bohat\u011b<\/p>\n","protected":false},"featured_media":14707,"template":"","meta":[],"product_brand":[153],"product_cat":[91],"product_tag":[],"class_list":{"0":"post-15841","1":"product","2":"type-product","3":"status-publish","4":"has-post-thumbnail","6":"product_brand-eterle-cz","7":"product_cat-prodane","9":"first","10":"outofstock","11":"purchasable","12":"product-type-simple"},"_links":{"self":[{"href":"https:\/\/eterle.cz\/eshop\/wp-json\/wp\/v2\/product\/15841","targetHints":{"allow":["GET"]}}],"collection":[{"href":"https:\/\/eterle.cz\/eshop\/wp-json\/wp\/v2\/product"}],"about":[{"href":"https:\/\/eterle.cz\/eshop\/wp-json\/wp\/v2\/types\/product"}],"version-history":[{"count":0,"href":"https:\/\/eterle.cz\/eshop\/wp-json\/wp\/v2\/product\/15841\/revisions"}],"wp:featuredmedia":[{"embeddable":true,"href":"https:\/\/eterle.cz\/eshop\/wp-json\/wp\/v2\/media\/14707"}],"wp:attachment":[{"href":"https:\/\/eterle.cz\/eshop\/wp-json\/wp\/v2\/media?parent=15841"}],"wp:term":[{"taxonomy":"product_brand","embeddable":true,"href":"https:\/\/eterle.cz\/eshop\/wp-json\/wp\/v2\/product_brand?post=15841"},{"taxonomy":"product_cat","embeddable":true,"href":"https:\/\/eterle.cz\/eshop\/wp-json\/wp\/v2\/product_cat?post=15841"},{"taxonomy":"product_tag","embeddable":true,"href":"https:\/\/eterle.cz\/eshop\/wp-json\/wp\/v2\/product_tag?post=15841"}],"curies":[{"name":"wp","href":"https:\/\/api.w.org\/{rel}","templated":true}]}}