{"id":15842,"date":"2023-10-20T20:32:48","date_gmt":"2023-10-20T18:32:48","guid":{"rendered":"https:\/\/eterle.cz\/eshop\/produkt\/polevkova-misa-weimar\/"},"modified":"2025-06-24T01:53:46","modified_gmt":"2025-06-23T23:53:46","slug":"polevkova-misa-weimar","status":"publish","type":"product","link":"https:\/\/eterle.cz\/eshop\/produkt\/polevkova-misa-weimar\/","title":{"rendered":"Pol\u00e9vkov\u00e1 m\u00edsa \/ Weimar"},"content":{"rendered":"<p>Pol\u00e9vkov\u00e1 m\u00edsa od rakousk\u00e9 porcel\u00e1nky Weimar zalo\u017een\u00e9 v roce 1790. Jedn\u00e1 se o \u0159adu Katharina, velmi bohat\u011b zdobenou a to jak plasticky, tak barevn\u00fdm dekorem kv\u011btin s ru\u010dn\u011b malovanou zlatou linkou.<\/p>\n<p>Stav:  velmi dobr\u00fd, zlat\u00e1 linka nepo\u0161kozena<br \/>\nZna\u010dka: Weimar<br \/>\nRozm\u011br<br \/>\nObjem: 1 l<\/p>\n","protected":false},"excerpt":{"rendered":"<p>Pol\u00e9vkov\u00e1 m\u00edsa od rakousk\u00e9 porcel\u00e1nky Weimar zalo\u017een\u00e9 v roce 1790. Jedn\u00e1 se o \u0159adu Katharina, velmi bohat\u011b zdobenou a to<\/p>\n","protected":false},"featured_media":14714,"template":"","meta":[],"product_brand":[153],"product_cat":[76,110],"product_tag":[],"class_list":{"0":"post-15842","1":"product","2":"type-product","3":"status-publish","4":"has-post-thumbnail","6":"product_brand-eterle-cz","7":"product_cat-porcelan","8":"product_cat-misy","10":"first","11":"instock","12":"purchasable","13":"product-type-simple"},"_links":{"self":[{"href":"https:\/\/eterle.cz\/eshop\/wp-json\/wp\/v2\/product\/15842","targetHints":{"allow":["GET"]}}],"collection":[{"href":"https:\/\/eterle.cz\/eshop\/wp-json\/wp\/v2\/product"}],"about":[{"href":"https:\/\/eterle.cz\/eshop\/wp-json\/wp\/v2\/types\/product"}],"version-history":[{"count":1,"href":"https:\/\/eterle.cz\/eshop\/wp-json\/wp\/v2\/product\/15842\/revisions"}],"predecessor-version":[{"id":26298,"href":"https:\/\/eterle.cz\/eshop\/wp-json\/wp\/v2\/product\/15842\/revisions\/26298"}],"wp:featuredmedia":[{"embeddable":true,"href":"https:\/\/eterle.cz\/eshop\/wp-json\/wp\/v2\/media\/14714"}],"wp:attachment":[{"href":"https:\/\/eterle.cz\/eshop\/wp-json\/wp\/v2\/media?parent=15842"}],"wp:term":[{"taxonomy":"product_brand","embeddable":true,"href":"https:\/\/eterle.cz\/eshop\/wp-json\/wp\/v2\/product_brand?post=15842"},{"taxonomy":"product_cat","embeddable":true,"href":"https:\/\/eterle.cz\/eshop\/wp-json\/wp\/v2\/product_cat?post=15842"},{"taxonomy":"product_tag","embeddable":true,"href":"https:\/\/eterle.cz\/eshop\/wp-json\/wp\/v2\/product_tag?post=15842"}],"curies":[{"name":"wp","href":"https:\/\/api.w.org\/{rel}","templated":true}]}}