{"id":15843,"date":"2023-10-20T20:32:52","date_gmt":"2023-10-20T18:32:52","guid":{"rendered":"https:\/\/eterle.cz\/eshop\/produkt\/vanocni-mini-sapo-atelier-lesov\/"},"modified":"2025-02-16T02:52:17","modified_gmt":"2025-02-16T01:52:17","slug":"vanocni-mini-sapo-atelier-lesov","status":"publish","type":"product","link":"https:\/\/eterle.cz\/eshop\/produkt\/vanocni-mini-sapo-atelier-lesov\/","title":{"rendered":"V\u00e1no\u010dn\u00ed mini \u0161ap\u00f3 \/ Ateli\u00e9r Lesov"},"content":{"rendered":"<p>Mini \u0161ap\u00f3 s v\u00e1no\u010dn\u00edm motivem od porcel\u00e1nky Ateli\u00e9r Lesov, kter\u00e1 byla zalo\u017eena v roce 1901. Pozd\u011bji v roce 1958 byla za\u010dlen\u011bna do podniku Karlovarsk\u00fd porcel\u00e1n jako v\u00fdvojov\u00e9 studio pro nov\u00e9 tvary a centrum \u0161pi\u010dkov\u00fdch design\u00e9r\u016f. Od roku 2012 je porcel\u00e1nka samostatnou manufakturou s nov\u00fdm n\u00e1zvem Atelier JM Lesov\/Thun Studio. V\u00fdhradn\u011b ru\u010dn\u00edm zp\u016fsobem v\u00fdroby a origin\u00e1ln\u00edm autorsk\u00fdm designem sv\u00fdch v\u00fdrobk\u016f se z\u00e1sadn\u011b li\u0161\u00ed od velk\u00fdch pr\u016fmyslov\u00fdch porcel\u00e1nek.<\/p>\n<p>Stav: nov\u00fd<br \/>\nZna\u010dka: Ateli\u00e9r Lesov<br \/>\nRozm\u011br<br \/>\nObjem: 50 ml<br \/>\nPr\u016fm\u011br pod\u0161\u00e1lku: 11 cm<\/p>\n","protected":false},"excerpt":{"rendered":"<p>Mini \u0161ap\u00f3 s v\u00e1no\u010dn\u00edm motivem od porcel\u00e1nky Ateli\u00e9r Lesov, kter\u00e1 byla zalo\u017eena v roce 1901. Pozd\u011bji v roce 1958 byla<\/p>\n","protected":false},"featured_media":14718,"template":"","meta":[],"product_brand":[153],"product_cat":[91],"product_tag":[],"class_list":{"0":"post-15843","1":"product","2":"type-product","3":"status-publish","4":"has-post-thumbnail","6":"product_brand-eterle-cz","7":"product_cat-prodane","9":"first","10":"outofstock","11":"purchasable","12":"product-type-simple"},"_links":{"self":[{"href":"https:\/\/eterle.cz\/eshop\/wp-json\/wp\/v2\/product\/15843","targetHints":{"allow":["GET"]}}],"collection":[{"href":"https:\/\/eterle.cz\/eshop\/wp-json\/wp\/v2\/product"}],"about":[{"href":"https:\/\/eterle.cz\/eshop\/wp-json\/wp\/v2\/types\/product"}],"version-history":[{"count":0,"href":"https:\/\/eterle.cz\/eshop\/wp-json\/wp\/v2\/product\/15843\/revisions"}],"wp:featuredmedia":[{"embeddable":true,"href":"https:\/\/eterle.cz\/eshop\/wp-json\/wp\/v2\/media\/14718"}],"wp:attachment":[{"href":"https:\/\/eterle.cz\/eshop\/wp-json\/wp\/v2\/media?parent=15843"}],"wp:term":[{"taxonomy":"product_brand","embeddable":true,"href":"https:\/\/eterle.cz\/eshop\/wp-json\/wp\/v2\/product_brand?post=15843"},{"taxonomy":"product_cat","embeddable":true,"href":"https:\/\/eterle.cz\/eshop\/wp-json\/wp\/v2\/product_cat?post=15843"},{"taxonomy":"product_tag","embeddable":true,"href":"https:\/\/eterle.cz\/eshop\/wp-json\/wp\/v2\/product_tag?post=15843"}],"curies":[{"name":"wp","href":"https:\/\/api.w.org\/{rel}","templated":true}]}}