{"id":15844,"date":"2023-10-20T20:32:57","date_gmt":"2023-10-20T18:32:57","guid":{"rendered":"https:\/\/eterle.cz\/eshop\/produkt\/snidanova-sada-art-deco-lettin\/"},"modified":"2025-02-16T02:52:16","modified_gmt":"2025-02-16T01:52:16","slug":"snidanova-sada-art-deco-lettin","status":"publish","type":"product","link":"https:\/\/eterle.cz\/eshop\/produkt\/snidanova-sada-art-deco-lettin\/","title":{"rendered":"Sn\u00edda\u0148ov\u00e1 sada art deco \/ Lettin"},"content":{"rendered":"<p>Kr\u00e1sn\u00e1 art deco sn\u00edda\u0148ov\u00e1 sada od n\u011bmeck\u00e9 porcel\u00e1nky Lettin zdoben\u00e1 zlatou linkou a stylizovan\u00fdm r\u00e1kos\u00edm ve v\u011btru na kraji jezera. Tvar soupravy je typick\u00fd pro art deco jak z filmu Velk\u00fd Gatsby.<\/p>\n<p>Stav: velmi dobr\u00fd<br \/>\nZna\u010dka: Lettin<br \/>\nRozm\u011br<br \/>\nObjem: 150 ml<br \/>\nPr\u016fm\u011br pod\u0161\u00e1lku: 14 cm<br \/>\nPr\u016fm\u011br dezertn\u00edho tal\u00ed\u0159ku: 18,5 cm<\/p>\n","protected":false},"excerpt":{"rendered":"<p>Kr\u00e1sn\u00e1 art deco sn\u00edda\u0148ov\u00e1 sada od n\u011bmeck\u00e9 porcel\u00e1nky Lettin zdoben\u00e1 zlatou linkou a stylizovan\u00fdm r\u00e1kos\u00edm ve v\u011btru na kraji jezera.<\/p>\n","protected":false},"featured_media":14724,"template":"","meta":[],"product_brand":[153],"product_cat":[91],"product_tag":[],"class_list":{"0":"post-15844","1":"product","2":"type-product","3":"status-publish","4":"has-post-thumbnail","6":"product_brand-eterle-cz","7":"product_cat-prodane","9":"first","10":"outofstock","11":"purchasable","12":"product-type-simple"},"_links":{"self":[{"href":"https:\/\/eterle.cz\/eshop\/wp-json\/wp\/v2\/product\/15844","targetHints":{"allow":["GET"]}}],"collection":[{"href":"https:\/\/eterle.cz\/eshop\/wp-json\/wp\/v2\/product"}],"about":[{"href":"https:\/\/eterle.cz\/eshop\/wp-json\/wp\/v2\/types\/product"}],"version-history":[{"count":0,"href":"https:\/\/eterle.cz\/eshop\/wp-json\/wp\/v2\/product\/15844\/revisions"}],"wp:featuredmedia":[{"embeddable":true,"href":"https:\/\/eterle.cz\/eshop\/wp-json\/wp\/v2\/media\/14724"}],"wp:attachment":[{"href":"https:\/\/eterle.cz\/eshop\/wp-json\/wp\/v2\/media?parent=15844"}],"wp:term":[{"taxonomy":"product_brand","embeddable":true,"href":"https:\/\/eterle.cz\/eshop\/wp-json\/wp\/v2\/product_brand?post=15844"},{"taxonomy":"product_cat","embeddable":true,"href":"https:\/\/eterle.cz\/eshop\/wp-json\/wp\/v2\/product_cat?post=15844"},{"taxonomy":"product_tag","embeddable":true,"href":"https:\/\/eterle.cz\/eshop\/wp-json\/wp\/v2\/product_tag?post=15844"}],"curies":[{"name":"wp","href":"https:\/\/api.w.org\/{rel}","templated":true}]}}