{"id":15846,"date":"2023-10-20T20:33:06","date_gmt":"2023-10-20T18:33:06","guid":{"rendered":"https:\/\/eterle.cz\/eshop\/produkt\/miska-na-noze-csa\/"},"modified":"2025-08-20T23:36:21","modified_gmt":"2025-08-20T21:36:21","slug":"miska-na-noze-csa","status":"publish","type":"product","link":"https:\/\/eterle.cz\/eshop\/produkt\/miska-na-noze-csa\/","title":{"rendered":"Miska na noze \/ CSA"},"content":{"rendered":"<p>Multifunk\u010dn\u00ed porcel\u00e1nov\u00e1 miska vyrobena v \u010cech\u00e1ch podle n\u00e1vrhu \u0161v\u00e9dsk\u00e9 design\u00e9rky Carin Seth Anderssonov\u00e9 v minimalistick\u00e9m modern\u00edm tvaru, lze vyu\u017e\u00edt jako miska na o\u0159\u00ed\u0161ky, na sal\u00e1t nebo na mal\u00fd dezert. Um\u00edme si ji ale p\u0159edstavit i na kv\u011btinov\u00e9 aran\u017em\u00e1 na st\u016fl.<\/p>\n<p>Stav: nov\u00fd<br \/>\nZna\u010dka: Caria Seth Andersson<br \/>\nRozm\u011br<br \/>\nV\u00fd\u0161ka: 10 cm<br \/>\nPr\u016fm\u011br: 13 cm<br \/>\nObjem: 400 ml<\/p>\n","protected":false},"excerpt":{"rendered":"<p>Multifunk\u010dn\u00ed porcel\u00e1nov\u00e1 miska vyrobena v \u010cech\u00e1ch podle n\u00e1vrhu \u0161v\u00e9dsk\u00e9 design\u00e9rky Carin Seth Anderssonov\u00e9 v minimalistick\u00e9m modern\u00edm tvaru, lze vyu\u017e\u00edt jako<\/p>\n","protected":false},"featured_media":14735,"template":"","meta":[],"product_brand":[153],"product_cat":[91],"product_tag":[],"class_list":{"0":"post-15846","1":"product","2":"type-product","3":"status-publish","4":"has-post-thumbnail","6":"product_brand-eterle-cz","7":"product_cat-prodane","9":"first","10":"instock","11":"purchasable","12":"product-type-simple"},"_links":{"self":[{"href":"https:\/\/eterle.cz\/eshop\/wp-json\/wp\/v2\/product\/15846","targetHints":{"allow":["GET"]}}],"collection":[{"href":"https:\/\/eterle.cz\/eshop\/wp-json\/wp\/v2\/product"}],"about":[{"href":"https:\/\/eterle.cz\/eshop\/wp-json\/wp\/v2\/types\/product"}],"version-history":[{"count":2,"href":"https:\/\/eterle.cz\/eshop\/wp-json\/wp\/v2\/product\/15846\/revisions"}],"predecessor-version":[{"id":26297,"href":"https:\/\/eterle.cz\/eshop\/wp-json\/wp\/v2\/product\/15846\/revisions\/26297"}],"wp:featuredmedia":[{"embeddable":true,"href":"https:\/\/eterle.cz\/eshop\/wp-json\/wp\/v2\/media\/14735"}],"wp:attachment":[{"href":"https:\/\/eterle.cz\/eshop\/wp-json\/wp\/v2\/media?parent=15846"}],"wp:term":[{"taxonomy":"product_brand","embeddable":true,"href":"https:\/\/eterle.cz\/eshop\/wp-json\/wp\/v2\/product_brand?post=15846"},{"taxonomy":"product_cat","embeddable":true,"href":"https:\/\/eterle.cz\/eshop\/wp-json\/wp\/v2\/product_cat?post=15846"},{"taxonomy":"product_tag","embeddable":true,"href":"https:\/\/eterle.cz\/eshop\/wp-json\/wp\/v2\/product_tag?post=15846"}],"curies":[{"name":"wp","href":"https:\/\/api.w.org\/{rel}","templated":true}]}}