{"id":15848,"date":"2023-10-20T20:33:16","date_gmt":"2023-10-20T18:33:16","guid":{"rendered":"https:\/\/eterle.cz\/eshop\/produkt\/servirovaci-set-rosenthal\/"},"modified":"2025-02-16T02:52:15","modified_gmt":"2025-02-16T01:52:15","slug":"servirovaci-set-rosenthal","status":"publish","type":"product","link":"https:\/\/eterle.cz\/eshop\/produkt\/servirovaci-set-rosenthal\/","title":{"rendered":"Serv\u00edrovac\u00ed set \/ Rosenthal"},"content":{"rendered":"<p>Kr\u00e1sn\u00e1 slavnostn\u00ed sev\u00edrovac\u00ed sada od n\u011bmeck\u00e9 porcel\u00e1nyk Rosenthalm tvo\u0159en\u00e1 m\u00edsou na cukrov\u00ed \u010di chleb\u00ed\u010dky, podkladov\u00fdm tal\u00ed\u0159em na dort a kulat\u00fdm t\u00e1cem na kol\u00e1\u010d nebo jednohubky. Zaj\u00edmav\u00e1 je kombinace klasick\u00e9ho plastick\u00e9ho zdoben\u00ed po obvodu a modern\u00edm pojet\u00edm zlat\u00e9 linky, kter\u00e1 jakoby z okraj\u016f st\u00fdk\u00e1.<\/p>\n<p>Stav: perfektn\u00ed<br \/>\nZna\u010dka: Rosenthal<br \/>\nRozm\u011br<br \/>\nChleb\u00ed\u010dkov\u00e1 m\u00edsa: 35 x 15 cm<br \/>\nPr\u016fm\u011br tal\u00ed\u0159e na dort: 30 cm<br \/>\nPr\u016fm\u011br m\u00edsy: 30 cm<\/p>\n","protected":false},"excerpt":{"rendered":"<p>Kr\u00e1sn\u00e1 slavnostn\u00ed sev\u00edrovac\u00ed sada od n\u011bmeck\u00e9 porcel\u00e1nyk Rosenthalm tvo\u0159en\u00e1 m\u00edsou na cukrov\u00ed \u010di chleb\u00ed\u010dky, podkladov\u00fdm tal\u00ed\u0159em na dort a kulat\u00fdm<\/p>\n","protected":false},"featured_media":14748,"template":"","meta":[],"product_brand":[153],"product_cat":[91],"product_tag":[],"class_list":{"0":"post-15848","1":"product","2":"type-product","3":"status-publish","4":"has-post-thumbnail","6":"product_brand-eterle-cz","7":"product_cat-prodane","9":"first","10":"outofstock","11":"purchasable","12":"product-type-simple"},"_links":{"self":[{"href":"https:\/\/eterle.cz\/eshop\/wp-json\/wp\/v2\/product\/15848","targetHints":{"allow":["GET"]}}],"collection":[{"href":"https:\/\/eterle.cz\/eshop\/wp-json\/wp\/v2\/product"}],"about":[{"href":"https:\/\/eterle.cz\/eshop\/wp-json\/wp\/v2\/types\/product"}],"version-history":[{"count":0,"href":"https:\/\/eterle.cz\/eshop\/wp-json\/wp\/v2\/product\/15848\/revisions"}],"wp:featuredmedia":[{"embeddable":true,"href":"https:\/\/eterle.cz\/eshop\/wp-json\/wp\/v2\/media\/14748"}],"wp:attachment":[{"href":"https:\/\/eterle.cz\/eshop\/wp-json\/wp\/v2\/media?parent=15848"}],"wp:term":[{"taxonomy":"product_brand","embeddable":true,"href":"https:\/\/eterle.cz\/eshop\/wp-json\/wp\/v2\/product_brand?post=15848"},{"taxonomy":"product_cat","embeddable":true,"href":"https:\/\/eterle.cz\/eshop\/wp-json\/wp\/v2\/product_cat?post=15848"},{"taxonomy":"product_tag","embeddable":true,"href":"https:\/\/eterle.cz\/eshop\/wp-json\/wp\/v2\/product_tag?post=15848"}],"curies":[{"name":"wp","href":"https:\/\/api.w.org\/{rel}","templated":true}]}}