{"id":15849,"date":"2023-10-20T20:33:21","date_gmt":"2023-10-20T18:33:21","guid":{"rendered":"https:\/\/eterle.cz\/eshop\/produkt\/servirovaci-set-thun\/"},"modified":"2025-02-16T02:52:15","modified_gmt":"2025-02-16T01:52:15","slug":"servirovaci-set-thun","status":"publish","type":"product","link":"https:\/\/eterle.cz\/eshop\/produkt\/servirovaci-set-thun\/","title":{"rendered":"Serv\u00edrovac\u00ed set \/ Thun"},"content":{"rendered":"<p>Serv\u00edrovac\u00ed set ve stylu star\u00e9ho anglick\u00e9ho porcel\u00e1nu v odra\u017een\u00e9 b\u00edl\u00e9 s modr\u00fdm dekorem kv\u011btin. P\u016fsob\u00ed velmi romanticky a h\u0159ejiv\u00fdm dojmem domova.<\/p>\n<p>Stav: nepou\u017eit\u00e9<br \/>\nZna\u010dka: Thun, \u0159ada Bernadotte<br \/>\nRozm\u011br<br \/>\nT\u00e1c: 40 x 31 cm<br \/>\nM\u00edsa: 33 x 21 cm<\/p>\n","protected":false},"excerpt":{"rendered":"<p>Serv\u00edrovac\u00ed set ve stylu star\u00e9ho anglick\u00e9ho porcel\u00e1nu v odra\u017een\u00e9 b\u00edl\u00e9 s modr\u00fdm dekorem kv\u011btin. P\u016fsob\u00ed velmi romanticky a h\u0159ejiv\u00fdm dojmem<\/p>\n","protected":false},"featured_media":14754,"template":"","meta":[],"product_brand":[153],"product_cat":[91],"product_tag":[],"class_list":{"0":"post-15849","1":"product","2":"type-product","3":"status-publish","4":"has-post-thumbnail","6":"product_brand-eterle-cz","7":"product_cat-prodane","9":"first","10":"outofstock","11":"purchasable","12":"product-type-simple"},"_links":{"self":[{"href":"https:\/\/eterle.cz\/eshop\/wp-json\/wp\/v2\/product\/15849","targetHints":{"allow":["GET"]}}],"collection":[{"href":"https:\/\/eterle.cz\/eshop\/wp-json\/wp\/v2\/product"}],"about":[{"href":"https:\/\/eterle.cz\/eshop\/wp-json\/wp\/v2\/types\/product"}],"version-history":[{"count":0,"href":"https:\/\/eterle.cz\/eshop\/wp-json\/wp\/v2\/product\/15849\/revisions"}],"wp:featuredmedia":[{"embeddable":true,"href":"https:\/\/eterle.cz\/eshop\/wp-json\/wp\/v2\/media\/14754"}],"wp:attachment":[{"href":"https:\/\/eterle.cz\/eshop\/wp-json\/wp\/v2\/media?parent=15849"}],"wp:term":[{"taxonomy":"product_brand","embeddable":true,"href":"https:\/\/eterle.cz\/eshop\/wp-json\/wp\/v2\/product_brand?post=15849"},{"taxonomy":"product_cat","embeddable":true,"href":"https:\/\/eterle.cz\/eshop\/wp-json\/wp\/v2\/product_cat?post=15849"},{"taxonomy":"product_tag","embeddable":true,"href":"https:\/\/eterle.cz\/eshop\/wp-json\/wp\/v2\/product_tag?post=15849"}],"curies":[{"name":"wp","href":"https:\/\/api.w.org\/{rel}","templated":true}]}}