{"id":15851,"date":"2023-10-20T20:33:34","date_gmt":"2023-10-20T18:33:34","guid":{"rendered":"https:\/\/eterle.cz\/eshop\/produkt\/miska-langenthal\/"},"modified":"2025-06-24T01:53:45","modified_gmt":"2025-06-23T23:53:45","slug":"miska-langenthal","status":"publish","type":"product","link":"https:\/\/eterle.cz\/eshop\/produkt\/miska-langenthal\/","title":{"rendered":"Miska \/ Langenthal"},"content":{"rendered":"<p>B\u00edl\u00e1 miska ze siln\u011bj\u0161\u00edho st\u0159epu od \u0161v\u00fdcarsk\u00e9 zna\u010dky Langenthal.<\/p>\n<p>Stav: nov\u00fd<br \/>\nZna\u010dka: Porzellan Fabrik Langenthal<br \/>\nRozm\u011br<br \/>\nV\u00fd\u0161ka: 5 cm<br \/>\nPr\u016fm\u011br: 12 cm<\/p>\n","protected":false},"excerpt":{"rendered":"<p>B\u00edl\u00e1 miska ze siln\u011bj\u0161\u00edho st\u0159epu od \u0161v\u00fdcarsk\u00e9 zna\u010dky Langenthal. Stav: nov\u00fd Zna\u010dka: Porzellan Fabrik Langenthal Rozm\u011br V\u00fd\u0161ka: 5 cm Pr\u016fm\u011br:<\/p>\n","protected":false},"featured_media":14762,"template":"","meta":[],"product_brand":[153],"product_cat":[76,110],"product_tag":[],"class_list":{"0":"post-15851","1":"product","2":"type-product","3":"status-publish","4":"has-post-thumbnail","6":"product_brand-eterle-cz","7":"product_cat-porcelan","8":"product_cat-misy","10":"first","11":"instock","12":"purchasable","13":"product-type-simple"},"_links":{"self":[{"href":"https:\/\/eterle.cz\/eshop\/wp-json\/wp\/v2\/product\/15851","targetHints":{"allow":["GET"]}}],"collection":[{"href":"https:\/\/eterle.cz\/eshop\/wp-json\/wp\/v2\/product"}],"about":[{"href":"https:\/\/eterle.cz\/eshop\/wp-json\/wp\/v2\/types\/product"}],"version-history":[{"count":1,"href":"https:\/\/eterle.cz\/eshop\/wp-json\/wp\/v2\/product\/15851\/revisions"}],"predecessor-version":[{"id":26294,"href":"https:\/\/eterle.cz\/eshop\/wp-json\/wp\/v2\/product\/15851\/revisions\/26294"}],"wp:featuredmedia":[{"embeddable":true,"href":"https:\/\/eterle.cz\/eshop\/wp-json\/wp\/v2\/media\/14762"}],"wp:attachment":[{"href":"https:\/\/eterle.cz\/eshop\/wp-json\/wp\/v2\/media?parent=15851"}],"wp:term":[{"taxonomy":"product_brand","embeddable":true,"href":"https:\/\/eterle.cz\/eshop\/wp-json\/wp\/v2\/product_brand?post=15851"},{"taxonomy":"product_cat","embeddable":true,"href":"https:\/\/eterle.cz\/eshop\/wp-json\/wp\/v2\/product_cat?post=15851"},{"taxonomy":"product_tag","embeddable":true,"href":"https:\/\/eterle.cz\/eshop\/wp-json\/wp\/v2\/product_tag?post=15851"}],"curies":[{"name":"wp","href":"https:\/\/api.w.org\/{rel}","templated":true}]}}