{"id":15852,"date":"2023-10-20T20:33:41","date_gmt":"2023-10-20T18:33:41","guid":{"rendered":"https:\/\/eterle.cz\/eshop\/produkt\/sada-dezertnich-talirku-thun\/"},"modified":"2025-02-16T02:52:14","modified_gmt":"2025-02-16T01:52:14","slug":"sada-dezertnich-talirku-thun","status":"publish","type":"product","link":"https:\/\/eterle.cz\/eshop\/produkt\/sada-dezertnich-talirku-thun\/","title":{"rendered":"Sada dezertn\u00edch tal\u00ed\u0159k\u016f \/ Thun"},"content":{"rendered":"<p>Set 6 dezertn\u00edch tal\u00ed\u0159k\u016f od zna\u010dky Thun s \u0161irok\u00fdm platinov\u00fdm lemem. P\u016fsob\u00ed velmi modern\u011b, ale m\u016f\u017eete jim d\u00edky kombinaci s jin\u00fdm porcel\u00e1nem \u010di dopl\u0148ky vdechnout i styl secese \u010di art deca.<\/p>\n<p>Stav: perfektn\u00ed<br \/>\nZna\u010dka: Thun<br \/>\nRozm\u011br<br \/>\nPr\u016fm\u011br: 18,5 cm<\/p>\n","protected":false},"excerpt":{"rendered":"<p>Set 6 dezertn\u00edch tal\u00ed\u0159k\u016f od zna\u010dky Thun s \u0161irok\u00fdm platinov\u00fdm lemem. P\u016fsob\u00ed velmi modern\u011b, ale m\u016f\u017eete jim d\u00edky kombinaci s<\/p>\n","protected":false},"featured_media":14766,"template":"","meta":[],"product_brand":[153],"product_cat":[91],"product_tag":[],"class_list":{"0":"post-15852","1":"product","2":"type-product","3":"status-publish","4":"has-post-thumbnail","6":"product_brand-eterle-cz","7":"product_cat-prodane","9":"first","10":"outofstock","11":"purchasable","12":"product-type-simple"},"_links":{"self":[{"href":"https:\/\/eterle.cz\/eshop\/wp-json\/wp\/v2\/product\/15852","targetHints":{"allow":["GET"]}}],"collection":[{"href":"https:\/\/eterle.cz\/eshop\/wp-json\/wp\/v2\/product"}],"about":[{"href":"https:\/\/eterle.cz\/eshop\/wp-json\/wp\/v2\/types\/product"}],"version-history":[{"count":0,"href":"https:\/\/eterle.cz\/eshop\/wp-json\/wp\/v2\/product\/15852\/revisions"}],"wp:featuredmedia":[{"embeddable":true,"href":"https:\/\/eterle.cz\/eshop\/wp-json\/wp\/v2\/media\/14766"}],"wp:attachment":[{"href":"https:\/\/eterle.cz\/eshop\/wp-json\/wp\/v2\/media?parent=15852"}],"wp:term":[{"taxonomy":"product_brand","embeddable":true,"href":"https:\/\/eterle.cz\/eshop\/wp-json\/wp\/v2\/product_brand?post=15852"},{"taxonomy":"product_cat","embeddable":true,"href":"https:\/\/eterle.cz\/eshop\/wp-json\/wp\/v2\/product_cat?post=15852"},{"taxonomy":"product_tag","embeddable":true,"href":"https:\/\/eterle.cz\/eshop\/wp-json\/wp\/v2\/product_tag?post=15852"}],"curies":[{"name":"wp","href":"https:\/\/api.w.org\/{rel}","templated":true}]}}