{"id":15853,"date":"2023-10-20T20:33:47","date_gmt":"2023-10-20T18:33:47","guid":{"rendered":"https:\/\/eterle.cz\/eshop\/produkt\/dzbanek-na-ocet-olej\/"},"modified":"2025-02-16T02:52:14","modified_gmt":"2025-02-16T01:52:14","slug":"dzbanek-na-ocet-olej","status":"publish","type":"product","link":"https:\/\/eterle.cz\/eshop\/produkt\/dzbanek-na-ocet-olej\/","title":{"rendered":"D\u017eb\u00e1nek na ocet \/ olej"},"content":{"rendered":"<p>Klasick\u00fd d\u017eb\u00e1nek na ocet a olej, kter\u00fd pou\u017e\u00edvaly u\u017e na\u0161e babi\u010dky. Vhodn\u00e9 na serv\u00edrov\u00e1n\u00ed sal\u00e1t\u016f.<\/p>\n<p>Stav: nov\u00e9<br \/>\nRozm\u011br<br \/>\nV\u00fd\u0161ka 18 cm<br \/>\nObjem: 550 ml<\/p>\n","protected":false},"excerpt":{"rendered":"<p>Klasick\u00fd d\u017eb\u00e1nek na ocet a olej, kter\u00fd pou\u017e\u00edvaly u\u017e na\u0161e babi\u010dky. Vhodn\u00e9 na serv\u00edrov\u00e1n\u00ed sal\u00e1t\u016f. Stav: nov\u00e9 Rozm\u011br V\u00fd\u0161ka 18<\/p>\n","protected":false},"featured_media":15291,"template":"","meta":[],"product_brand":[153],"product_cat":[91],"product_tag":[],"class_list":{"0":"post-15853","1":"product","2":"type-product","3":"status-publish","4":"has-post-thumbnail","6":"product_brand-eterle-cz","7":"product_cat-prodane","9":"first","10":"outofstock","11":"purchasable","12":"product-type-simple"},"_links":{"self":[{"href":"https:\/\/eterle.cz\/eshop\/wp-json\/wp\/v2\/product\/15853","targetHints":{"allow":["GET"]}}],"collection":[{"href":"https:\/\/eterle.cz\/eshop\/wp-json\/wp\/v2\/product"}],"about":[{"href":"https:\/\/eterle.cz\/eshop\/wp-json\/wp\/v2\/types\/product"}],"version-history":[{"count":0,"href":"https:\/\/eterle.cz\/eshop\/wp-json\/wp\/v2\/product\/15853\/revisions"}],"wp:featuredmedia":[{"embeddable":true,"href":"https:\/\/eterle.cz\/eshop\/wp-json\/wp\/v2\/media\/15291"}],"wp:attachment":[{"href":"https:\/\/eterle.cz\/eshop\/wp-json\/wp\/v2\/media?parent=15853"}],"wp:term":[{"taxonomy":"product_brand","embeddable":true,"href":"https:\/\/eterle.cz\/eshop\/wp-json\/wp\/v2\/product_brand?post=15853"},{"taxonomy":"product_cat","embeddable":true,"href":"https:\/\/eterle.cz\/eshop\/wp-json\/wp\/v2\/product_cat?post=15853"},{"taxonomy":"product_tag","embeddable":true,"href":"https:\/\/eterle.cz\/eshop\/wp-json\/wp\/v2\/product_tag?post=15853"}],"curies":[{"name":"wp","href":"https:\/\/api.w.org\/{rel}","templated":true}]}}