{"id":15857,"date":"2023-10-20T20:34:10","date_gmt":"2023-10-20T18:34:10","guid":{"rendered":"https:\/\/eterle.cz\/eshop\/produkt\/mlekovka-alt-tirschenreuth\/"},"modified":"2025-06-24T01:53:45","modified_gmt":"2025-06-23T23:53:45","slug":"mlekovka-alt-tirschenreuth","status":"publish","type":"product","link":"https:\/\/eterle.cz\/eshop\/produkt\/mlekovka-alt-tirschenreuth\/","title":{"rendered":"Ml\u00e9kovka \/ ALT Tirschenreuth"},"content":{"rendered":"<p>N\u011b\u017en\u00e1 l\u00e9kovka z velmi tenk\u00e9ho st\u0159epu z porcel\u00e1nky ALT Tirschenreuth. Bohat\u011b zdobena jemn\u00fdm plastick\u00fdm vzorem a mnoha detaily nejen na ou\u0161ku, ale i zespoda hrne\u010dku. P\u016fsob\u00fd skute\u010dn\u011b velmi k\u0159ehce. DO sady m\u00e1me i \u0161ap\u00f3 nebo sn\u00edda\u0148ov\u00fd set.<\/p>\n<p>Stav: nov\u00fd<br \/>\nZna\u010dka: ALT Tirschenreuth<br \/>\nRozm\u011br<br \/>\nObjem : 170 ml<br \/>\nV\u00fd\u0161ka: 9 cm<\/p>\n","protected":false},"excerpt":{"rendered":"<p>N\u011b\u017en\u00e1 l\u00e9kovka z velmi tenk\u00e9ho st\u0159epu z porcel\u00e1nky ALT Tirschenreuth. Bohat\u011b zdobena jemn\u00fdm plastick\u00fdm vzorem a mnoha detaily nejen na<\/p>\n","protected":false},"featured_media":14791,"template":"","meta":[],"product_brand":[153],"product_cat":[76,108],"product_tag":[],"class_list":{"0":"post-15857","1":"product","2":"type-product","3":"status-publish","4":"has-post-thumbnail","6":"product_brand-eterle-cz","7":"product_cat-porcelan","8":"product_cat-cukrenky-a-mlekovky","10":"first","11":"instock","12":"purchasable","13":"product-type-simple"},"_links":{"self":[{"href":"https:\/\/eterle.cz\/eshop\/wp-json\/wp\/v2\/product\/15857","targetHints":{"allow":["GET"]}}],"collection":[{"href":"https:\/\/eterle.cz\/eshop\/wp-json\/wp\/v2\/product"}],"about":[{"href":"https:\/\/eterle.cz\/eshop\/wp-json\/wp\/v2\/types\/product"}],"version-history":[{"count":1,"href":"https:\/\/eterle.cz\/eshop\/wp-json\/wp\/v2\/product\/15857\/revisions"}],"predecessor-version":[{"id":26291,"href":"https:\/\/eterle.cz\/eshop\/wp-json\/wp\/v2\/product\/15857\/revisions\/26291"}],"wp:featuredmedia":[{"embeddable":true,"href":"https:\/\/eterle.cz\/eshop\/wp-json\/wp\/v2\/media\/14791"}],"wp:attachment":[{"href":"https:\/\/eterle.cz\/eshop\/wp-json\/wp\/v2\/media?parent=15857"}],"wp:term":[{"taxonomy":"product_brand","embeddable":true,"href":"https:\/\/eterle.cz\/eshop\/wp-json\/wp\/v2\/product_brand?post=15857"},{"taxonomy":"product_cat","embeddable":true,"href":"https:\/\/eterle.cz\/eshop\/wp-json\/wp\/v2\/product_cat?post=15857"},{"taxonomy":"product_tag","embeddable":true,"href":"https:\/\/eterle.cz\/eshop\/wp-json\/wp\/v2\/product_tag?post=15857"}],"curies":[{"name":"wp","href":"https:\/\/api.w.org\/{rel}","templated":true}]}}