{"id":15858,"date":"2023-10-20T20:34:15","date_gmt":"2023-10-20T18:34:15","guid":{"rendered":"https:\/\/eterle.cz\/eshop\/produkt\/hrnecek-benedikt\/"},"modified":"2025-02-16T02:52:12","modified_gmt":"2025-02-16T01:52:12","slug":"hrnecek-benedikt","status":"publish","type":"product","link":"https:\/\/eterle.cz\/eshop\/produkt\/hrnecek-benedikt\/","title":{"rendered":"Hrne\u010dek \/ Benedikt"},"content":{"rendered":"<p>Dvoust\u011bnn\u00fd porcel\u00e1nov\u00fd hrnek s neglazovanou vn\u011bj\u0161\u00ed st\u011bnou v dekoru twist. V\u00fdhodou dvoust\u011bnn\u00e9ho hrnku je, \u017ee udr\u017e\u00ed n\u00e1poj tepl\u00fd po del\u0161\u00ed dobu a na dotek nep\u00e1l\u00ed.<\/p>\n<p>Stav: nov\u00fd<br \/>\nZna\u010dka:<br \/>\nRozm\u011br<br \/>\nObjem: 250 ml<br \/>\nV\u00fd\u0161ka: 10 cm<\/p>\n","protected":false},"excerpt":{"rendered":"<p>Dvoust\u011bnn\u00fd porcel\u00e1nov\u00fd hrnek s neglazovanou vn\u011bj\u0161\u00ed st\u011bnou v dekoru twist. V\u00fdhodou dvoust\u011bnn\u00e9ho hrnku je, \u017ee udr\u017e\u00ed n\u00e1poj tepl\u00fd po del\u0161\u00ed<\/p>\n","protected":false},"featured_media":14795,"template":"","meta":[],"product_brand":[153],"product_cat":[91],"product_tag":[],"class_list":{"0":"post-15858","1":"product","2":"type-product","3":"status-publish","4":"has-post-thumbnail","6":"product_brand-eterle-cz","7":"product_cat-prodane","9":"first","10":"outofstock","11":"purchasable","12":"product-type-simple"},"_links":{"self":[{"href":"https:\/\/eterle.cz\/eshop\/wp-json\/wp\/v2\/product\/15858","targetHints":{"allow":["GET"]}}],"collection":[{"href":"https:\/\/eterle.cz\/eshop\/wp-json\/wp\/v2\/product"}],"about":[{"href":"https:\/\/eterle.cz\/eshop\/wp-json\/wp\/v2\/types\/product"}],"version-history":[{"count":0,"href":"https:\/\/eterle.cz\/eshop\/wp-json\/wp\/v2\/product\/15858\/revisions"}],"wp:featuredmedia":[{"embeddable":true,"href":"https:\/\/eterle.cz\/eshop\/wp-json\/wp\/v2\/media\/14795"}],"wp:attachment":[{"href":"https:\/\/eterle.cz\/eshop\/wp-json\/wp\/v2\/media?parent=15858"}],"wp:term":[{"taxonomy":"product_brand","embeddable":true,"href":"https:\/\/eterle.cz\/eshop\/wp-json\/wp\/v2\/product_brand?post=15858"},{"taxonomy":"product_cat","embeddable":true,"href":"https:\/\/eterle.cz\/eshop\/wp-json\/wp\/v2\/product_cat?post=15858"},{"taxonomy":"product_tag","embeddable":true,"href":"https:\/\/eterle.cz\/eshop\/wp-json\/wp\/v2\/product_tag?post=15858"}],"curies":[{"name":"wp","href":"https:\/\/api.w.org\/{rel}","templated":true}]}}