{"id":15861,"date":"2023-10-20T20:34:30","date_gmt":"2023-10-20T18:34:30","guid":{"rendered":"https:\/\/eterle.cz\/eshop\/produkt\/snidanova-detska-sada-thun-2\/"},"modified":"2025-02-16T02:52:11","modified_gmt":"2025-02-16T01:52:11","slug":"snidanova-detska-sada-thun-2","status":"publish","type":"product","link":"https:\/\/eterle.cz\/eshop\/produkt\/snidanova-detska-sada-thun-2\/","title":{"rendered":"Sn\u00edda\u0148ov\u00e1 d\u011btsk\u00e1 sada \/ Thun"},"content":{"rendered":"<p>Sn\u00edda\u0148ov\u00e1 d\u011btsk\u00e1 sada s hrav\u00fdm motivem doktor Bol\u00edto, kter\u00fd je obl\u00edben nejen u d\u011bt\u00ed, ale i u rodi\u010d\u016f, u kter\u00fdch vyvol\u00e1v\u00e1 vzpom\u00ednky. Poutav\u00e1 ilustrace v\u00e1m snadno poskytne t\u00e9ma k vypr\u00e1v\u011bn\u00ed u stolov\u00e1n\u00ed.<\/p>\n<p>Stav: nov\u00fd<br \/>\nZna\u010dka: Thun<br \/>\nRozm\u011br<br \/>\nObjem: 200 ml<br \/>\nTal\u00ed\u0159ek: 24 x 15 cm<\/p>\n","protected":false},"excerpt":{"rendered":"<p>Sn\u00edda\u0148ov\u00e1 d\u011btsk\u00e1 sada s hrav\u00fdm motivem doktor Bol\u00edto, kter\u00fd je obl\u00edben nejen u d\u011bt\u00ed, ale i u rodi\u010d\u016f, u kter\u00fdch<\/p>\n","protected":false},"featured_media":15302,"template":"","meta":[],"product_brand":[153],"product_cat":[91],"product_tag":[],"class_list":{"0":"post-15861","1":"product","2":"type-product","3":"status-publish","4":"has-post-thumbnail","6":"product_brand-eterle-cz","7":"product_cat-prodane","9":"first","10":"outofstock","11":"purchasable","12":"product-type-simple"},"_links":{"self":[{"href":"https:\/\/eterle.cz\/eshop\/wp-json\/wp\/v2\/product\/15861","targetHints":{"allow":["GET"]}}],"collection":[{"href":"https:\/\/eterle.cz\/eshop\/wp-json\/wp\/v2\/product"}],"about":[{"href":"https:\/\/eterle.cz\/eshop\/wp-json\/wp\/v2\/types\/product"}],"version-history":[{"count":0,"href":"https:\/\/eterle.cz\/eshop\/wp-json\/wp\/v2\/product\/15861\/revisions"}],"wp:featuredmedia":[{"embeddable":true,"href":"https:\/\/eterle.cz\/eshop\/wp-json\/wp\/v2\/media\/15302"}],"wp:attachment":[{"href":"https:\/\/eterle.cz\/eshop\/wp-json\/wp\/v2\/media?parent=15861"}],"wp:term":[{"taxonomy":"product_brand","embeddable":true,"href":"https:\/\/eterle.cz\/eshop\/wp-json\/wp\/v2\/product_brand?post=15861"},{"taxonomy":"product_cat","embeddable":true,"href":"https:\/\/eterle.cz\/eshop\/wp-json\/wp\/v2\/product_cat?post=15861"},{"taxonomy":"product_tag","embeddable":true,"href":"https:\/\/eterle.cz\/eshop\/wp-json\/wp\/v2\/product_tag?post=15861"}],"curies":[{"name":"wp","href":"https:\/\/api.w.org\/{rel}","templated":true}]}}