{"id":15863,"date":"2023-10-20T20:34:42","date_gmt":"2023-10-20T18:34:42","guid":{"rendered":"https:\/\/eterle.cz\/eshop\/produkt\/servirovaci-misa-villeroy-boch\/"},"modified":"2025-06-24T01:53:44","modified_gmt":"2025-06-23T23:53:44","slug":"servirovaci-misa-villeroy-boch","status":"publish","type":"product","link":"https:\/\/eterle.cz\/eshop\/produkt\/servirovaci-misa-villeroy-boch\/","title":{"rendered":"Serv\u00edrovac\u00ed m\u00edsa \/ Villeroy Boch"},"content":{"rendered":"<p>Kr\u00e1sn\u00e1 star\u00e1 serv\u00edrovac\u00ed m\u00edsa od sv\u011btozn\u00e1me n\u011bmeck\u00e9 porcel\u00e1nky Villeroy Boch s cibul\u00e1kov\u00fdm vzorem nese v\u00fdrazn\u00e9 zn\u00e1mky pou\u017e\u00edv\u00e1n\u00ed, ale nikterak ji to neub\u00edr\u00e1 na kr\u00e1se. Naopak ji to dod\u00e1v\u00e1 ur\u010dit\u00fd punc vzne\u0161enosti. Do sady si k n\u00ed m\u016f\u017eete dokoupit i sadu dezertn\u00edch tal\u00ed\u0159k\u016f.<\/p>\n<p>Stav: vintage s patinou, v\u00fdrazn\u00e9 stopy pou\u017e\u00edv\u00e1n\u00ed<br \/>\nZna\u010dka: Villeroy Boch<br \/>\nRozm\u011br: 38 x 27 cm<\/p>\n","protected":false},"excerpt":{"rendered":"<p>Kr\u00e1sn\u00e1 star\u00e1 serv\u00edrovac\u00ed m\u00edsa od sv\u011btozn\u00e1me n\u011bmeck\u00e9 porcel\u00e1nky Villeroy Boch s cibul\u00e1kov\u00fdm vzorem nese v\u00fdrazn\u00e9 zn\u00e1mky pou\u017e\u00edv\u00e1n\u00ed, ale nikterak ji<\/p>\n","protected":false},"featured_media":15316,"template":"","meta":[],"product_brand":[153],"product_cat":[76,110],"product_tag":[],"class_list":{"0":"post-15863","1":"product","2":"type-product","3":"status-publish","4":"has-post-thumbnail","6":"product_brand-eterle-cz","7":"product_cat-porcelan","8":"product_cat-misy","10":"first","11":"instock","12":"purchasable","13":"product-type-simple"},"_links":{"self":[{"href":"https:\/\/eterle.cz\/eshop\/wp-json\/wp\/v2\/product\/15863","targetHints":{"allow":["GET"]}}],"collection":[{"href":"https:\/\/eterle.cz\/eshop\/wp-json\/wp\/v2\/product"}],"about":[{"href":"https:\/\/eterle.cz\/eshop\/wp-json\/wp\/v2\/types\/product"}],"version-history":[{"count":1,"href":"https:\/\/eterle.cz\/eshop\/wp-json\/wp\/v2\/product\/15863\/revisions"}],"predecessor-version":[{"id":26290,"href":"https:\/\/eterle.cz\/eshop\/wp-json\/wp\/v2\/product\/15863\/revisions\/26290"}],"wp:featuredmedia":[{"embeddable":true,"href":"https:\/\/eterle.cz\/eshop\/wp-json\/wp\/v2\/media\/15316"}],"wp:attachment":[{"href":"https:\/\/eterle.cz\/eshop\/wp-json\/wp\/v2\/media?parent=15863"}],"wp:term":[{"taxonomy":"product_brand","embeddable":true,"href":"https:\/\/eterle.cz\/eshop\/wp-json\/wp\/v2\/product_brand?post=15863"},{"taxonomy":"product_cat","embeddable":true,"href":"https:\/\/eterle.cz\/eshop\/wp-json\/wp\/v2\/product_cat?post=15863"},{"taxonomy":"product_tag","embeddable":true,"href":"https:\/\/eterle.cz\/eshop\/wp-json\/wp\/v2\/product_tag?post=15863"}],"curies":[{"name":"wp","href":"https:\/\/api.w.org\/{rel}","templated":true}]}}