{"id":15864,"date":"2023-10-20T20:34:46","date_gmt":"2023-10-20T18:34:46","guid":{"rendered":"https:\/\/eterle.cz\/eshop\/produkt\/cajova-konvice-hutschenreuther\/"},"modified":"2025-02-16T02:52:10","modified_gmt":"2025-02-16T01:52:10","slug":"cajova-konvice-hutschenreuther","status":"publish","type":"product","link":"https:\/\/eterle.cz\/eshop\/produkt\/cajova-konvice-hutschenreuther\/","title":{"rendered":"\u010cajov\u00e1 konvice \/ Hutschenreuther"},"content":{"rendered":"<p>Jednoduch\u00e1 \u010dajov\u00e1 konvice s velk\u00fdm uchem pro pohodln\u00e9 nal\u00e9v\u00e1n\u00ed. Jedin\u00fd zdobn\u00fd prvek tvo\u0159\u00ed  zlat\u00fd plastick\u00fd vzor na v\u00ed\u010dku. Jednoduch\u00e1, minimalistick\u00e1 a p\u0159itom zaj\u00edmav\u00e1 a elegantn\u00ed. Poch\u00e1z\u00ed z n\u011bmeck\u00e9 porcel\u00e1nky Hutschenreuther, jedn\u00e9 z nejstar\u0161\u00edch evropsk\u00fdch porcel\u00e1nek, kter\u00e1 pat\u0159\u00ed u\u017e p\u0159es dv\u011b dek\u00e1dy do \u201erodiny\u201c Rosenthal.<\/p>\n<p>Stav: nepou\u017eit\u00fd<br \/>\nZna\u010dka: Hutschenreuther<br \/>\nRozm\u011br<br \/>\nObjem: 1,2 l<br \/>\nV\u00fd\u0161ka: 22 cm<\/p>\n","protected":false},"excerpt":{"rendered":"<p>Jednoduch\u00e1 \u010dajov\u00e1 konvice s velk\u00fdm uchem pro pohodln\u00e9 nal\u00e9v\u00e1n\u00ed. Jedin\u00fd zdobn\u00fd prvek tvo\u0159\u00ed zlat\u00fd plastick\u00fd vzor na v\u00ed\u010dku. Jednoduch\u00e1, minimalistick\u00e1<\/p>\n","protected":false},"featured_media":15322,"template":"","meta":[],"product_brand":[153],"product_cat":[91],"product_tag":[],"class_list":{"0":"post-15864","1":"product","2":"type-product","3":"status-publish","4":"has-post-thumbnail","6":"product_brand-eterle-cz","7":"product_cat-prodane","9":"first","10":"outofstock","11":"purchasable","12":"product-type-simple"},"_links":{"self":[{"href":"https:\/\/eterle.cz\/eshop\/wp-json\/wp\/v2\/product\/15864","targetHints":{"allow":["GET"]}}],"collection":[{"href":"https:\/\/eterle.cz\/eshop\/wp-json\/wp\/v2\/product"}],"about":[{"href":"https:\/\/eterle.cz\/eshop\/wp-json\/wp\/v2\/types\/product"}],"version-history":[{"count":0,"href":"https:\/\/eterle.cz\/eshop\/wp-json\/wp\/v2\/product\/15864\/revisions"}],"wp:featuredmedia":[{"embeddable":true,"href":"https:\/\/eterle.cz\/eshop\/wp-json\/wp\/v2\/media\/15322"}],"wp:attachment":[{"href":"https:\/\/eterle.cz\/eshop\/wp-json\/wp\/v2\/media?parent=15864"}],"wp:term":[{"taxonomy":"product_brand","embeddable":true,"href":"https:\/\/eterle.cz\/eshop\/wp-json\/wp\/v2\/product_brand?post=15864"},{"taxonomy":"product_cat","embeddable":true,"href":"https:\/\/eterle.cz\/eshop\/wp-json\/wp\/v2\/product_cat?post=15864"},{"taxonomy":"product_tag","embeddable":true,"href":"https:\/\/eterle.cz\/eshop\/wp-json\/wp\/v2\/product_tag?post=15864"}],"curies":[{"name":"wp","href":"https:\/\/api.w.org\/{rel}","templated":true}]}}