{"id":15865,"date":"2023-10-20T20:34:51","date_gmt":"2023-10-20T18:34:51","guid":{"rendered":"https:\/\/eterle.cz\/eshop\/produkt\/dzbanek-amfora-kaiser\/"},"modified":"2025-06-24T01:53:44","modified_gmt":"2025-06-23T23:53:44","slug":"dzbanek-amfora-kaiser","status":"publish","type":"product","link":"https:\/\/eterle.cz\/eshop\/produkt\/dzbanek-amfora-kaiser\/","title":{"rendered":"D\u017eb\u00e1nek (amfora) \/ Kaiser"},"content":{"rendered":"<p>Velk\u00fd d\u017eb\u00e1n na vodu ve tvaru amfory. Jednoduch\u00fd, kr\u00e1sn\u00fd, nen\u00ed snad co v\u00edc dodat, snad jen, \u017ee se d\u00e1 pou\u017e\u00edt i jako v\u00e1za na kv\u011btiny.<\/p>\n<p>Stav: nov\u00fd<br \/>\nZna\u010dka: Kaiser<br \/>\nRozm\u011br<br \/>\nObjem: 2,2 l<br \/>\nV\u00fd\u0161ka: 28 cm<\/p>\n","protected":false},"excerpt":{"rendered":"<p>Velk\u00fd d\u017eb\u00e1n na vodu ve tvaru amfory. Jednoduch\u00fd, kr\u00e1sn\u00fd, nen\u00ed snad co v\u00edc dodat, snad jen, \u017ee se d\u00e1 pou\u017e\u00edt<\/p>\n","protected":false},"featured_media":15329,"template":"","meta":[],"product_brand":[153],"product_cat":[76,113],"product_tag":[],"class_list":{"0":"post-15865","1":"product","2":"type-product","3":"status-publish","4":"has-post-thumbnail","6":"product_brand-eterle-cz","7":"product_cat-porcelan","8":"product_cat-ostatni","10":"first","11":"instock","12":"purchasable","13":"product-type-simple"},"_links":{"self":[{"href":"https:\/\/eterle.cz\/eshop\/wp-json\/wp\/v2\/product\/15865","targetHints":{"allow":["GET"]}}],"collection":[{"href":"https:\/\/eterle.cz\/eshop\/wp-json\/wp\/v2\/product"}],"about":[{"href":"https:\/\/eterle.cz\/eshop\/wp-json\/wp\/v2\/types\/product"}],"version-history":[{"count":1,"href":"https:\/\/eterle.cz\/eshop\/wp-json\/wp\/v2\/product\/15865\/revisions"}],"predecessor-version":[{"id":26289,"href":"https:\/\/eterle.cz\/eshop\/wp-json\/wp\/v2\/product\/15865\/revisions\/26289"}],"wp:featuredmedia":[{"embeddable":true,"href":"https:\/\/eterle.cz\/eshop\/wp-json\/wp\/v2\/media\/15329"}],"wp:attachment":[{"href":"https:\/\/eterle.cz\/eshop\/wp-json\/wp\/v2\/media?parent=15865"}],"wp:term":[{"taxonomy":"product_brand","embeddable":true,"href":"https:\/\/eterle.cz\/eshop\/wp-json\/wp\/v2\/product_brand?post=15865"},{"taxonomy":"product_cat","embeddable":true,"href":"https:\/\/eterle.cz\/eshop\/wp-json\/wp\/v2\/product_cat?post=15865"},{"taxonomy":"product_tag","embeddable":true,"href":"https:\/\/eterle.cz\/eshop\/wp-json\/wp\/v2\/product_tag?post=15865"}],"curies":[{"name":"wp","href":"https:\/\/api.w.org\/{rel}","templated":true}]}}