{"id":15866,"date":"2023-10-20T20:34:56","date_gmt":"2023-10-20T18:34:56","guid":{"rendered":"https:\/\/eterle.cz\/eshop\/produkt\/srdicko-misticka-rosenthal\/"},"modified":"2025-02-16T02:52:09","modified_gmt":"2025-02-16T01:52:09","slug":"srdicko-misticka-rosenthal","status":"publish","type":"product","link":"https:\/\/eterle.cz\/eshop\/produkt\/srdicko-misticka-rosenthal\/","title":{"rendered":"Srd\u00ed\u010dko misti\u010dka \/ Rosenthal"},"content":{"rendered":"<p>Misti\u010dka od n\u011bmeck\u00e9 porcel\u00e1nky Rosenthal ve tvaru srd\u00ed\u010dka bude hezk\u00fdm d\u00e1rkem nejen na Valent\u00fdna. Vhodn\u00e1 t\u0159eba na \u0161perky.<\/p>\n<p>Stav: nov\u00fd s origin\u00e1l krabi\u010dkou<br \/>\nZna\u010dka: Rosenthal<br \/>\nRozm\u011br: 9 x 10 cm<\/p>\n","protected":false},"excerpt":{"rendered":"<p>Misti\u010dka od n\u011bmeck\u00e9 porcel\u00e1nky Rosenthal ve tvaru srd\u00ed\u010dka bude hezk\u00fdm d\u00e1rkem nejen na Valent\u00fdna. Vhodn\u00e1 t\u0159eba na \u0161perky. Stav: nov\u00fd<\/p>\n","protected":false},"featured_media":15337,"template":"","meta":[],"product_brand":[153],"product_cat":[91],"product_tag":[],"class_list":{"0":"post-15866","1":"product","2":"type-product","3":"status-publish","4":"has-post-thumbnail","6":"product_brand-eterle-cz","7":"product_cat-prodane","9":"first","10":"outofstock","11":"purchasable","12":"product-type-simple"},"_links":{"self":[{"href":"https:\/\/eterle.cz\/eshop\/wp-json\/wp\/v2\/product\/15866","targetHints":{"allow":["GET"]}}],"collection":[{"href":"https:\/\/eterle.cz\/eshop\/wp-json\/wp\/v2\/product"}],"about":[{"href":"https:\/\/eterle.cz\/eshop\/wp-json\/wp\/v2\/types\/product"}],"version-history":[{"count":0,"href":"https:\/\/eterle.cz\/eshop\/wp-json\/wp\/v2\/product\/15866\/revisions"}],"wp:featuredmedia":[{"embeddable":true,"href":"https:\/\/eterle.cz\/eshop\/wp-json\/wp\/v2\/media\/15337"}],"wp:attachment":[{"href":"https:\/\/eterle.cz\/eshop\/wp-json\/wp\/v2\/media?parent=15866"}],"wp:term":[{"taxonomy":"product_brand","embeddable":true,"href":"https:\/\/eterle.cz\/eshop\/wp-json\/wp\/v2\/product_brand?post=15866"},{"taxonomy":"product_cat","embeddable":true,"href":"https:\/\/eterle.cz\/eshop\/wp-json\/wp\/v2\/product_cat?post=15866"},{"taxonomy":"product_tag","embeddable":true,"href":"https:\/\/eterle.cz\/eshop\/wp-json\/wp\/v2\/product_tag?post=15866"}],"curies":[{"name":"wp","href":"https:\/\/api.w.org\/{rel}","templated":true}]}}