{"id":15867,"date":"2023-10-20T20:35:01","date_gmt":"2023-10-20T18:35:01","guid":{"rendered":"https:\/\/eterle.cz\/eshop\/produkt\/sada-mis-na-salat-hutschenreuther\/"},"modified":"2025-02-16T02:52:09","modified_gmt":"2025-02-16T01:52:09","slug":"sada-mis-na-salat-hutschenreuther","status":"publish","type":"product","link":"https:\/\/eterle.cz\/eshop\/produkt\/sada-mis-na-salat-hutschenreuther\/","title":{"rendered":"Sada m\u00eds na sal\u00e1t \/ Hutschenreuther"},"content":{"rendered":"<p>Kr\u00e1sn\u00e1 sda sal\u00e1tov\u00fdch m\u00eds ve tvaru osmihranu od n\u011bmeck\u00e9 porcel\u00e1nky Hutschenreuther, jedn\u00e9 z nejstar\u0161\u00edch evropsk\u00fdch porcel\u00e1nek, kter\u00e1 pat\u0159\u00ed u\u017e p\u0159es dv\u011b dek\u00e1dy do \u201erodiny\u201c Rosenthal. M\u00edsy jsou zaj\u00edmav\u00e9 nejen tvarem, ale i plastick\u00fdm zdoben\u00edm v podob\u011b kuli\u010dek na lemu.<\/p>\n<p>Stav: velmi dobr\u00fd. St\u0159edn\u00ed miska m\u00e1 na dn\u011b mal\u00fd kaz z v glazu\u0159e z v\u00fdroby. Mal\u00fd miska m\u00e1 zespoda na hran\u011b nepatrn\u00fd o\u0165uk ve velikosti 1,5 mm<br \/>\nZna\u010dka: Hutschenreuther<br \/>\nRozm\u011br<br \/>\nMal\u00e1 m\u00edsa: 20 x 20 cm<br \/>\nSt\u0159edn\u00ed m\u00edsa: 22 x 22 cm<br \/>\nVelk\u00e1 m\u00edsa: 25 x 25 cm<\/p>\n","protected":false},"excerpt":{"rendered":"<p>Kr\u00e1sn\u00e1 sda sal\u00e1tov\u00fdch m\u00eds ve tvaru osmihranu od n\u011bmeck\u00e9 porcel\u00e1nky Hutschenreuther, jedn\u00e9 z nejstar\u0161\u00edch evropsk\u00fdch porcel\u00e1nek, kter\u00e1 pat\u0159\u00ed u\u017e p\u0159es<\/p>\n","protected":false},"featured_media":15342,"template":"","meta":[],"product_brand":[153],"product_cat":[91],"product_tag":[],"class_list":{"0":"post-15867","1":"product","2":"type-product","3":"status-publish","4":"has-post-thumbnail","6":"product_brand-eterle-cz","7":"product_cat-prodane","9":"first","10":"outofstock","11":"purchasable","12":"product-type-simple"},"_links":{"self":[{"href":"https:\/\/eterle.cz\/eshop\/wp-json\/wp\/v2\/product\/15867","targetHints":{"allow":["GET"]}}],"collection":[{"href":"https:\/\/eterle.cz\/eshop\/wp-json\/wp\/v2\/product"}],"about":[{"href":"https:\/\/eterle.cz\/eshop\/wp-json\/wp\/v2\/types\/product"}],"version-history":[{"count":0,"href":"https:\/\/eterle.cz\/eshop\/wp-json\/wp\/v2\/product\/15867\/revisions"}],"wp:featuredmedia":[{"embeddable":true,"href":"https:\/\/eterle.cz\/eshop\/wp-json\/wp\/v2\/media\/15342"}],"wp:attachment":[{"href":"https:\/\/eterle.cz\/eshop\/wp-json\/wp\/v2\/media?parent=15867"}],"wp:term":[{"taxonomy":"product_brand","embeddable":true,"href":"https:\/\/eterle.cz\/eshop\/wp-json\/wp\/v2\/product_brand?post=15867"},{"taxonomy":"product_cat","embeddable":true,"href":"https:\/\/eterle.cz\/eshop\/wp-json\/wp\/v2\/product_cat?post=15867"},{"taxonomy":"product_tag","embeddable":true,"href":"https:\/\/eterle.cz\/eshop\/wp-json\/wp\/v2\/product_tag?post=15867"}],"curies":[{"name":"wp","href":"https:\/\/api.w.org\/{rel}","templated":true}]}}