{"id":15868,"date":"2023-10-20T20:35:08","date_gmt":"2023-10-20T18:35:08","guid":{"rendered":"https:\/\/eterle.cz\/eshop\/produkt\/detsky-dezertni-talirek-s-trpaslikem-thomas\/"},"modified":"2025-02-16T02:52:09","modified_gmt":"2025-02-16T01:52:09","slug":"detsky-dezertni-talirek-s-trpaslikem-thomas","status":"publish","type":"product","link":"https:\/\/eterle.cz\/eshop\/produkt\/detsky-dezertni-talirek-s-trpaslikem-thomas\/","title":{"rendered":"D\u011btsk\u00fd dezertn\u00ed tal\u00ed\u0159ek s trpasl\u00edkem \/ Thomas"},"content":{"rendered":"<p>Roztomil\u00e9 dezertn\u00ed tal\u00ed\u0159ky pro d\u011bti s motivem trpasl\u00edka, kter\u00fd vypad\u00e1 t\u00e9m\u011b\u0159 jako \u017eiv\u00fd. Obr\u00e1zek namaloval profesor Paul Lothar M\u00fcller. Tal\u00ed\u0159ky jsou z roku 1950.<\/p>\n<p>Stav: velmi dobr\u00fd, nepatrn\u00e1 vada v glazu\u0159e z v\u00fdroby<br \/>\nZna\u010dka: Rosenthal<br \/>\nRozm\u011br<br \/>\nPr\u016fm\u011br dezertn\u00edho tal\u00ed\u0159ku: 17 cm<\/p>\n","protected":false},"excerpt":{"rendered":"<p>Roztomil\u00e9 dezertn\u00ed tal\u00ed\u0159ky pro d\u011bti s motivem trpasl\u00edka, kter\u00fd vypad\u00e1 t\u00e9m\u011b\u0159 jako \u017eiv\u00fd. Obr\u00e1zek namaloval profesor Paul Lothar M\u00fcller. Tal\u00ed\u0159ky<\/p>\n","protected":false},"featured_media":15350,"template":"","meta":[],"product_brand":[153],"product_cat":[91],"product_tag":[],"class_list":{"0":"post-15868","1":"product","2":"type-product","3":"status-publish","4":"has-post-thumbnail","6":"product_brand-eterle-cz","7":"product_cat-prodane","9":"first","10":"outofstock","11":"purchasable","12":"product-type-simple"},"_links":{"self":[{"href":"https:\/\/eterle.cz\/eshop\/wp-json\/wp\/v2\/product\/15868","targetHints":{"allow":["GET"]}}],"collection":[{"href":"https:\/\/eterle.cz\/eshop\/wp-json\/wp\/v2\/product"}],"about":[{"href":"https:\/\/eterle.cz\/eshop\/wp-json\/wp\/v2\/types\/product"}],"version-history":[{"count":0,"href":"https:\/\/eterle.cz\/eshop\/wp-json\/wp\/v2\/product\/15868\/revisions"}],"wp:featuredmedia":[{"embeddable":true,"href":"https:\/\/eterle.cz\/eshop\/wp-json\/wp\/v2\/media\/15350"}],"wp:attachment":[{"href":"https:\/\/eterle.cz\/eshop\/wp-json\/wp\/v2\/media?parent=15868"}],"wp:term":[{"taxonomy":"product_brand","embeddable":true,"href":"https:\/\/eterle.cz\/eshop\/wp-json\/wp\/v2\/product_brand?post=15868"},{"taxonomy":"product_cat","embeddable":true,"href":"https:\/\/eterle.cz\/eshop\/wp-json\/wp\/v2\/product_cat?post=15868"},{"taxonomy":"product_tag","embeddable":true,"href":"https:\/\/eterle.cz\/eshop\/wp-json\/wp\/v2\/product_tag?post=15868"}],"curies":[{"name":"wp","href":"https:\/\/api.w.org\/{rel}","templated":true}]}}