{"id":15869,"date":"2023-10-20T20:35:13","date_gmt":"2023-10-20T18:35:13","guid":{"rendered":"https:\/\/eterle.cz\/eshop\/produkt\/kalisek-na-paratka-rosenthal\/"},"modified":"2025-06-24T01:53:44","modified_gmt":"2025-06-23T23:53:44","slug":"kalisek-na-paratka-rosenthal","status":"publish","type":"product","link":"https:\/\/eterle.cz\/eshop\/produkt\/kalisek-na-paratka-rosenthal\/","title":{"rendered":"Kal\u00ed\u0161ek na p\u00e1r\u00e1tka \/ Rosenthal"},"content":{"rendered":"<p>Porcel\u00e1nov\u00fd kal\u00ed\u0161ek od n\u011bmeck\u00e9 porcel\u00e1nky Rosenthal vhodn\u00fd na par\u00e1tka nebo na schlaftrung.<\/p>\n<p>Stav: v\u00fdborn\u00fd<br \/>\nZna\u010dka: Rosenthal<br \/>\nRozm\u011br<br \/>\nPr\u016fm\u011br otvoru: 3 cm<br \/>\nV\u00fd\u0161ka: 6 cm<\/p>\n","protected":false},"excerpt":{"rendered":"<p>Porcel\u00e1nov\u00fd kal\u00ed\u0161ek od n\u011bmeck\u00e9 porcel\u00e1nky Rosenthal vhodn\u00fd na par\u00e1tka nebo na schlaftrung. Stav: v\u00fdborn\u00fd Zna\u010dka: Rosenthal Rozm\u011br Pr\u016fm\u011br otvoru: 3<\/p>\n","protected":false},"featured_media":15356,"template":"","meta":[],"product_brand":[153],"product_cat":[76,113,101],"product_tag":[],"class_list":{"0":"post-15869","1":"product","2":"type-product","3":"status-publish","4":"has-post-thumbnail","6":"product_brand-eterle-cz","7":"product_cat-porcelan","8":"product_cat-ostatni","9":"product_cat-rosenthal","11":"first","12":"instock","13":"purchasable","14":"product-type-simple"},"_links":{"self":[{"href":"https:\/\/eterle.cz\/eshop\/wp-json\/wp\/v2\/product\/15869","targetHints":{"allow":["GET"]}}],"collection":[{"href":"https:\/\/eterle.cz\/eshop\/wp-json\/wp\/v2\/product"}],"about":[{"href":"https:\/\/eterle.cz\/eshop\/wp-json\/wp\/v2\/types\/product"}],"version-history":[{"count":1,"href":"https:\/\/eterle.cz\/eshop\/wp-json\/wp\/v2\/product\/15869\/revisions"}],"predecessor-version":[{"id":26288,"href":"https:\/\/eterle.cz\/eshop\/wp-json\/wp\/v2\/product\/15869\/revisions\/26288"}],"wp:featuredmedia":[{"embeddable":true,"href":"https:\/\/eterle.cz\/eshop\/wp-json\/wp\/v2\/media\/15356"}],"wp:attachment":[{"href":"https:\/\/eterle.cz\/eshop\/wp-json\/wp\/v2\/media?parent=15869"}],"wp:term":[{"taxonomy":"product_brand","embeddable":true,"href":"https:\/\/eterle.cz\/eshop\/wp-json\/wp\/v2\/product_brand?post=15869"},{"taxonomy":"product_cat","embeddable":true,"href":"https:\/\/eterle.cz\/eshop\/wp-json\/wp\/v2\/product_cat?post=15869"},{"taxonomy":"product_tag","embeddable":true,"href":"https:\/\/eterle.cz\/eshop\/wp-json\/wp\/v2\/product_tag?post=15869"}],"curies":[{"name":"wp","href":"https:\/\/api.w.org\/{rel}","templated":true}]}}