{"id":15870,"date":"2023-10-20T20:35:17","date_gmt":"2023-10-20T18:35:17","guid":{"rendered":"https:\/\/eterle.cz\/eshop\/produkt\/misticka-na-noze-krautheim\/"},"modified":"2025-02-16T02:52:08","modified_gmt":"2025-02-16T01:52:08","slug":"misticka-na-noze-krautheim","status":"publish","type":"product","link":"https:\/\/eterle.cz\/eshop\/produkt\/misticka-na-noze-krautheim\/","title":{"rendered":"M\u00edsti\u010dka na noze \/ Krautheim"},"content":{"rendered":"<p>Misti\u010dka na noze v kombinaci glazury a biscuitu s kr\u00e1sn\u00fdm plastick\u00fdm vzorem. Lze ji vyu\u017e\u00edt na serv\u00edrov\u00e1n\u00ed o\u0159\u00ed\u0161k\u016f, oliv nebo pou\u017e\u00edvat na odkl\u00e1d\u00e1n\u00ed \u0161perk\u016f. Par\u00e1du zaru\u010den\u011b ud\u011bl\u00e1 jak na j\u00eddeln\u00edm tak no\u010dn\u00edm stolku. M\u016f\u017eet ji ale prop\u016fj\u010dit zcela novou funkci sv\u00edcnu, kdy\u017e ji oto\u010d\u00edte. Vynikne tak je\u0161t\u011b l\u00e9pe jej\u00ed n\u00e1dhern\u00e9 zdoben\u00ed.<\/p>\n<p>Stav: velmi dobr\u00fd<br \/>\nZna\u010dka: Krautheim<br \/>\nRozm\u011br<br \/>\nPr\u016fm\u011br: 13 cm<br \/>\nV\u00fd\u0161ka: 6,5 cm<\/p>\n","protected":false},"excerpt":{"rendered":"<p>Misti\u010dka na noze v kombinaci glazury a biscuitu s kr\u00e1sn\u00fdm plastick\u00fdm vzorem. Lze ji vyu\u017e\u00edt na serv\u00edrov\u00e1n\u00ed o\u0159\u00ed\u0161k\u016f, oliv nebo<\/p>\n","protected":false},"featured_media":15361,"template":"","meta":[],"product_brand":[153],"product_cat":[91],"product_tag":[],"class_list":{"0":"post-15870","1":"product","2":"type-product","3":"status-publish","4":"has-post-thumbnail","6":"product_brand-eterle-cz","7":"product_cat-prodane","9":"first","10":"outofstock","11":"purchasable","12":"product-type-simple"},"_links":{"self":[{"href":"https:\/\/eterle.cz\/eshop\/wp-json\/wp\/v2\/product\/15870","targetHints":{"allow":["GET"]}}],"collection":[{"href":"https:\/\/eterle.cz\/eshop\/wp-json\/wp\/v2\/product"}],"about":[{"href":"https:\/\/eterle.cz\/eshop\/wp-json\/wp\/v2\/types\/product"}],"version-history":[{"count":1,"href":"https:\/\/eterle.cz\/eshop\/wp-json\/wp\/v2\/product\/15870\/revisions"}],"predecessor-version":[{"id":16274,"href":"https:\/\/eterle.cz\/eshop\/wp-json\/wp\/v2\/product\/15870\/revisions\/16274"}],"wp:featuredmedia":[{"embeddable":true,"href":"https:\/\/eterle.cz\/eshop\/wp-json\/wp\/v2\/media\/15361"}],"wp:attachment":[{"href":"https:\/\/eterle.cz\/eshop\/wp-json\/wp\/v2\/media?parent=15870"}],"wp:term":[{"taxonomy":"product_brand","embeddable":true,"href":"https:\/\/eterle.cz\/eshop\/wp-json\/wp\/v2\/product_brand?post=15870"},{"taxonomy":"product_cat","embeddable":true,"href":"https:\/\/eterle.cz\/eshop\/wp-json\/wp\/v2\/product_cat?post=15870"},{"taxonomy":"product_tag","embeddable":true,"href":"https:\/\/eterle.cz\/eshop\/wp-json\/wp\/v2\/product_tag?post=15870"}],"curies":[{"name":"wp","href":"https:\/\/api.w.org\/{rel}","templated":true}]}}