{"id":15871,"date":"2023-10-20T20:35:24","date_gmt":"2023-10-20T18:35:24","guid":{"rendered":"https:\/\/eterle.cz\/eshop\/produkt\/detsky-termo-talir-goebel\/"},"modified":"2025-02-16T02:52:08","modified_gmt":"2025-02-16T01:52:08","slug":"detsky-termo-talir-goebel","status":"publish","type":"product","link":"https:\/\/eterle.cz\/eshop\/produkt\/detsky-termo-talir-goebel\/","title":{"rendered":"D\u011btsk\u00fd termo tal\u00ed\u0159 \/ Goebel"},"content":{"rendered":"<p>D\u011btsk\u00fd termo hrnek od nem\u011bck\u00e9 porcel\u00e1nky Goebel zalo\u017een\u00e9 v roce 1871. Na za\u010d\u00e1tku vyr\u00e1b\u011bla pouze u\u017eitkov\u00fd stoln\u00ed porcel\u00e1n, pozd\u011bji v\u0161ak zavedla figurky, je\u017e byly prvn\u00edm krokem na vzestup k mezin\u00e1rodn\u00edmu v\u011bhlasu. Moto t\u00e9to porcel\u00e1nky je &#8222;z  mal\u00fdch emoc\u00ed ud\u011blat velk\u00e9&#8220;.<\/p>\n<p>Termo tal\u00ed\u0159 je pro d\u011bti praktick\u00fd, aby udr\u017eel teplotu pokrmu, i kdy\u017e se s jeho konzumaci mal\u00fd str\u00e1vn\u00edc\u00ed \u010dasto loudaj\u00ed \ud83d\ude42<\/p>\n<p>Stav: dobr\u00fd, jen drobn\u00e9 \u0161kr\u00e1bance od pou\u017e\u00edv\u00e1n\u00ed<br \/>\nZna\u010dka: Goebel<br \/>\nRozm\u011br: 23,5 x 18,5 cm<\/p>\n","protected":false},"excerpt":{"rendered":"<p>D\u011btsk\u00fd termo hrnek od nem\u011bck\u00e9 porcel\u00e1nky Goebel zalo\u017een\u00e9 v roce 1871. Na za\u010d\u00e1tku vyr\u00e1b\u011bla pouze u\u017eitkov\u00fd stoln\u00ed porcel\u00e1n, pozd\u011bji v\u0161ak<\/p>\n","protected":false},"featured_media":15367,"template":"","meta":[],"product_brand":[153],"product_cat":[91],"product_tag":[],"class_list":{"0":"post-15871","1":"product","2":"type-product","3":"status-publish","4":"has-post-thumbnail","6":"product_brand-eterle-cz","7":"product_cat-prodane","9":"first","10":"outofstock","11":"purchasable","12":"product-type-simple"},"_links":{"self":[{"href":"https:\/\/eterle.cz\/eshop\/wp-json\/wp\/v2\/product\/15871","targetHints":{"allow":["GET"]}}],"collection":[{"href":"https:\/\/eterle.cz\/eshop\/wp-json\/wp\/v2\/product"}],"about":[{"href":"https:\/\/eterle.cz\/eshop\/wp-json\/wp\/v2\/types\/product"}],"version-history":[{"count":1,"href":"https:\/\/eterle.cz\/eshop\/wp-json\/wp\/v2\/product\/15871\/revisions"}],"predecessor-version":[{"id":16745,"href":"https:\/\/eterle.cz\/eshop\/wp-json\/wp\/v2\/product\/15871\/revisions\/16745"}],"wp:featuredmedia":[{"embeddable":true,"href":"https:\/\/eterle.cz\/eshop\/wp-json\/wp\/v2\/media\/15367"}],"wp:attachment":[{"href":"https:\/\/eterle.cz\/eshop\/wp-json\/wp\/v2\/media?parent=15871"}],"wp:term":[{"taxonomy":"product_brand","embeddable":true,"href":"https:\/\/eterle.cz\/eshop\/wp-json\/wp\/v2\/product_brand?post=15871"},{"taxonomy":"product_cat","embeddable":true,"href":"https:\/\/eterle.cz\/eshop\/wp-json\/wp\/v2\/product_cat?post=15871"},{"taxonomy":"product_tag","embeddable":true,"href":"https:\/\/eterle.cz\/eshop\/wp-json\/wp\/v2\/product_tag?post=15871"}],"curies":[{"name":"wp","href":"https:\/\/api.w.org\/{rel}","templated":true}]}}