{"id":15872,"date":"2023-10-20T20:35:29","date_gmt":"2023-10-20T18:35:29","guid":{"rendered":"https:\/\/eterle.cz\/eshop\/produkt\/talirek-na-kosti-rosenthal\/"},"modified":"2025-06-24T01:53:44","modified_gmt":"2025-06-23T23:53:44","slug":"talirek-na-kosti-rosenthal","status":"publish","type":"product","link":"https:\/\/eterle.cz\/eshop\/produkt\/talirek-na-kosti-rosenthal\/","title":{"rendered":"Tal\u00ed\u0159ek na kosti \/ Rosenthal"},"content":{"rendered":"<p>Velk\u00fd tal\u00ed\u0159ek na kosti od n\u011bmeck\u00e9 porcle\u00e1nky Rosenthal, kter\u00fd je vhodn\u00fd nejen p\u0159i serv\u00edrov\u00e1n\u00ed ryb, ale i dr\u016fb\u011b\u017ee.<\/p>\n<p>Stav: nepou\u017eit\u00e9<br \/>\nZna\u010dka: Rosenthal<br \/>\nRozm\u011br: 23 x 11 cm<\/p>\n","protected":false},"excerpt":{"rendered":"<p>Velk\u00fd tal\u00ed\u0159ek na kosti od n\u011bmeck\u00e9 porcle\u00e1nky Rosenthal, kter\u00fd je vhodn\u00fd nejen p\u0159i serv\u00edrov\u00e1n\u00ed ryb, ale i dr\u016fb\u011b\u017ee. Stav: nepou\u017eit\u00e9<\/p>\n","protected":false},"featured_media":15372,"template":"","meta":[],"product_brand":[153],"product_cat":[76,109,101],"product_tag":[],"class_list":{"0":"post-15872","1":"product","2":"type-product","3":"status-publish","4":"has-post-thumbnail","6":"product_brand-eterle-cz","7":"product_cat-porcelan","8":"product_cat-talire","9":"product_cat-rosenthal","11":"first","12":"instock","13":"purchasable","14":"product-type-simple"},"_links":{"self":[{"href":"https:\/\/eterle.cz\/eshop\/wp-json\/wp\/v2\/product\/15872","targetHints":{"allow":["GET"]}}],"collection":[{"href":"https:\/\/eterle.cz\/eshop\/wp-json\/wp\/v2\/product"}],"about":[{"href":"https:\/\/eterle.cz\/eshop\/wp-json\/wp\/v2\/types\/product"}],"version-history":[{"count":1,"href":"https:\/\/eterle.cz\/eshop\/wp-json\/wp\/v2\/product\/15872\/revisions"}],"predecessor-version":[{"id":26287,"href":"https:\/\/eterle.cz\/eshop\/wp-json\/wp\/v2\/product\/15872\/revisions\/26287"}],"wp:featuredmedia":[{"embeddable":true,"href":"https:\/\/eterle.cz\/eshop\/wp-json\/wp\/v2\/media\/15372"}],"wp:attachment":[{"href":"https:\/\/eterle.cz\/eshop\/wp-json\/wp\/v2\/media?parent=15872"}],"wp:term":[{"taxonomy":"product_brand","embeddable":true,"href":"https:\/\/eterle.cz\/eshop\/wp-json\/wp\/v2\/product_brand?post=15872"},{"taxonomy":"product_cat","embeddable":true,"href":"https:\/\/eterle.cz\/eshop\/wp-json\/wp\/v2\/product_cat?post=15872"},{"taxonomy":"product_tag","embeddable":true,"href":"https:\/\/eterle.cz\/eshop\/wp-json\/wp\/v2\/product_tag?post=15872"}],"curies":[{"name":"wp","href":"https:\/\/api.w.org\/{rel}","templated":true}]}}