{"id":15873,"date":"2023-10-20T20:35:34","date_gmt":"2023-10-20T18:35:34","guid":{"rendered":"https:\/\/eterle.cz\/eshop\/produkt\/polevkova-misa-schernzer\/"},"modified":"2025-02-16T02:52:07","modified_gmt":"2025-02-16T01:52:07","slug":"polevkova-misa-schernzer","status":"publish","type":"product","link":"https:\/\/eterle.cz\/eshop\/produkt\/polevkova-misa-schernzer\/","title":{"rendered":"Pol\u00e9vkov\u00e1 m\u00edsa \/ Schernzer"},"content":{"rendered":"<p>Velk\u00e1 \u0161estihr\u00e1nna pol\u00e9vkov\u00e1 m\u00edsa, kter\u00e1 sv\u00fdm tvarem p\u0159ipom\u00edn\u00e1 cirkusov\u00e9 \u0161apit\u00f3. V b\u00edl\u00e9m proveden\u00ed je ale velmi decent\u00ed a elegantn\u00ed. Pojme v\u00edc jak 3 l tekutiny, tak\u017ee je vhodn\u00e1 pro velk\u00e9 rodinn\u00e9 se\u0161losti.<\/p>\n<p>Stav: perfektn\u00ed<br \/>\nZna\u010dka: Schernzer<br \/>\nRozm\u011br<br \/>\nObjem: 3,3 l<br \/>\nV\u00fd\u0161ka: 21 cm<br \/>\n\u0160\u00ed\u0159ka: 30 cm<\/p>\n","protected":false},"excerpt":{"rendered":"<p>Velk\u00e1 \u0161estihr\u00e1nna pol\u00e9vkov\u00e1 m\u00edsa, kter\u00e1 sv\u00fdm tvarem p\u0159ipom\u00edn\u00e1 cirkusov\u00e9 \u0161apit\u00f3. V b\u00edl\u00e9m proveden\u00ed je ale velmi decent\u00ed a elegantn\u00ed. Pojme<\/p>\n","protected":false},"featured_media":15377,"template":"","meta":[],"product_brand":[153],"product_cat":[91],"product_tag":[],"class_list":{"0":"post-15873","1":"product","2":"type-product","3":"status-publish","4":"has-post-thumbnail","6":"product_brand-eterle-cz","7":"product_cat-prodane","9":"first","10":"outofstock","11":"purchasable","12":"product-type-simple"},"_links":{"self":[{"href":"https:\/\/eterle.cz\/eshop\/wp-json\/wp\/v2\/product\/15873","targetHints":{"allow":["GET"]}}],"collection":[{"href":"https:\/\/eterle.cz\/eshop\/wp-json\/wp\/v2\/product"}],"about":[{"href":"https:\/\/eterle.cz\/eshop\/wp-json\/wp\/v2\/types\/product"}],"version-history":[{"count":0,"href":"https:\/\/eterle.cz\/eshop\/wp-json\/wp\/v2\/product\/15873\/revisions"}],"wp:featuredmedia":[{"embeddable":true,"href":"https:\/\/eterle.cz\/eshop\/wp-json\/wp\/v2\/media\/15377"}],"wp:attachment":[{"href":"https:\/\/eterle.cz\/eshop\/wp-json\/wp\/v2\/media?parent=15873"}],"wp:term":[{"taxonomy":"product_brand","embeddable":true,"href":"https:\/\/eterle.cz\/eshop\/wp-json\/wp\/v2\/product_brand?post=15873"},{"taxonomy":"product_cat","embeddable":true,"href":"https:\/\/eterle.cz\/eshop\/wp-json\/wp\/v2\/product_cat?post=15873"},{"taxonomy":"product_tag","embeddable":true,"href":"https:\/\/eterle.cz\/eshop\/wp-json\/wp\/v2\/product_tag?post=15873"}],"curies":[{"name":"wp","href":"https:\/\/api.w.org\/{rel}","templated":true}]}}