{"id":15874,"date":"2023-10-20T20:35:38","date_gmt":"2023-10-20T18:35:38","guid":{"rendered":"https:\/\/eterle.cz\/eshop\/produkt\/konvicka-na-caj-hutschenreuther\/"},"modified":"2025-02-16T02:52:07","modified_gmt":"2025-02-16T01:52:07","slug":"konvicka-na-caj-hutschenreuther","status":"publish","type":"product","link":"https:\/\/eterle.cz\/eshop\/produkt\/konvicka-na-caj-hutschenreuther\/","title":{"rendered":"Konvi\u010dka na \u010daj \/ Hutschenreuther"},"content":{"rendered":"<p>B\u00edl\u00e1 konvice na \u010daj od  od n\u011bmeck\u00e9 porcel\u00e1nky Hutschenreuther, jedn\u00e9 z nejstar\u0161\u00edch evropsk\u00fdch porcel\u00e1nek, kter\u00e1 pat\u0159\u00ed u\u017e p\u0159es dv\u011b dek\u00e1dy do \u201erodiny\u201c Rosenthal. Konvice je velmi jednoduch\u00e1 bez dekoru s v\u00ed\u010dkem, kter\u00e9 n\u00e1m evokuje kul\u00ed\u0161ka \u010di r\u00e1diovku.<\/p>\n<p>Stav: perfektn\u00ed<br \/>\nZna\u010dka: Hutchenreuther<br \/>\nRozm\u011br<br \/>\nObjem: 1 l<br \/>\nV\u00fd\u0161ka: 20 cm<\/p>\n","protected":false},"excerpt":{"rendered":"<p>B\u00edl\u00e1 konvice na \u010daj od od n\u011bmeck\u00e9 porcel\u00e1nky Hutschenreuther, jedn\u00e9 z nejstar\u0161\u00edch evropsk\u00fdch porcel\u00e1nek, kter\u00e1 pat\u0159\u00ed u\u017e p\u0159es dv\u011b dek\u00e1dy<\/p>\n","protected":false},"featured_media":15383,"template":"","meta":[],"product_brand":[153],"product_cat":[91],"product_tag":[],"class_list":{"0":"post-15874","1":"product","2":"type-product","3":"status-publish","4":"has-post-thumbnail","6":"product_brand-eterle-cz","7":"product_cat-prodane","9":"first","10":"outofstock","11":"purchasable","12":"product-type-simple"},"_links":{"self":[{"href":"https:\/\/eterle.cz\/eshop\/wp-json\/wp\/v2\/product\/15874","targetHints":{"allow":["GET"]}}],"collection":[{"href":"https:\/\/eterle.cz\/eshop\/wp-json\/wp\/v2\/product"}],"about":[{"href":"https:\/\/eterle.cz\/eshop\/wp-json\/wp\/v2\/types\/product"}],"version-history":[{"count":0,"href":"https:\/\/eterle.cz\/eshop\/wp-json\/wp\/v2\/product\/15874\/revisions"}],"wp:featuredmedia":[{"embeddable":true,"href":"https:\/\/eterle.cz\/eshop\/wp-json\/wp\/v2\/media\/15383"}],"wp:attachment":[{"href":"https:\/\/eterle.cz\/eshop\/wp-json\/wp\/v2\/media?parent=15874"}],"wp:term":[{"taxonomy":"product_brand","embeddable":true,"href":"https:\/\/eterle.cz\/eshop\/wp-json\/wp\/v2\/product_brand?post=15874"},{"taxonomy":"product_cat","embeddable":true,"href":"https:\/\/eterle.cz\/eshop\/wp-json\/wp\/v2\/product_cat?post=15874"},{"taxonomy":"product_tag","embeddable":true,"href":"https:\/\/eterle.cz\/eshop\/wp-json\/wp\/v2\/product_tag?post=15874"}],"curies":[{"name":"wp","href":"https:\/\/api.w.org\/{rel}","templated":true}]}}