{"id":15876,"date":"2023-10-20T20:35:48","date_gmt":"2023-10-20T18:35:48","guid":{"rendered":"https:\/\/eterle.cz\/eshop\/produkt\/cajova-sada-leander-2\/"},"modified":"2025-06-24T01:53:43","modified_gmt":"2025-06-23T23:53:43","slug":"cajova-sada-leander-2","status":"publish","type":"product","link":"https:\/\/eterle.cz\/eshop\/produkt\/cajova-sada-leander-2\/","title":{"rendered":"\u010cajov\u00e1 sada \/ Leander"},"content":{"rendered":"<p>\u010cajov\u00e1 souprava od \u010desk\u00e9 porcel\u00e1nky Leander, kter\u00e1 vyr\u00e1b\u00ed vysoce kvalitn\u00ed porcel\u00e1n ru\u010dn\u00ed v\u00fdroby. Souprava je ve tvaru Kelt a je bohat\u011b zlat\u011b zdoben\u00e1. Jde o \u0159adu, kter\u00e1 se vyzna\u010duje obl\u00fdmi tvary a inspirac\u00ed v historii. \u00dachytka na konvici a cuk\u0159ence je ve tvaru zubu a dod\u00e1v\u00e1 sad\u011b zaj\u00edmav\u00fd modern\u00ed r\u00e1z. Stala se p\u0159edm\u011btem sb\u011bratelsk\u00e9ho z\u00e1jmu nebo\u0165 u\u017e se nevyr\u00e1b\u00ed.<br \/>\nSada obsahuje: \u010dajovou konvici, cuk\u0159enku a ml\u00e9kovku<\/p>\n<p>Stav: nov\u00fd<br \/>\nZna\u010dka: Leander<br \/>\nRozm\u011br<br \/>\nObjem cuk\u0159enky: 140 ml<br \/>\nV\u00fd\u0161ka cuk\u0159enky: 9 cm<br \/>\nObjem ml\u00e9kovky: 250 ml<br \/>\nV\u00fd\u0161ka ml\u00e9kovky: 7 cm<br \/>\nObjem konvi\u010dky: 1,1 L<br \/>\nV\u00fd\u0161ka konvi\u010dky: 17 cm<\/p>\n","protected":false},"excerpt":{"rendered":"<p>\u010cajov\u00e1 souprava od \u010desk\u00e9 porcel\u00e1nky Leander, kter\u00e1 vyr\u00e1b\u00ed vysoce kvalitn\u00ed porcel\u00e1n ru\u010dn\u00ed v\u00fdroby. Souprava je ve tvaru Kelt a je<\/p>\n","protected":false},"featured_media":15398,"template":"","meta":[],"product_brand":[153],"product_cat":[76,111,107],"product_tag":[],"class_list":{"0":"post-15876","1":"product","2":"type-product","3":"status-publish","4":"has-post-thumbnail","6":"product_brand-eterle-cz","7":"product_cat-porcelan","8":"product_cat-porcelanove-sady","9":"product_cat-konvicky","11":"first","12":"instock","13":"sale","14":"purchasable","15":"product-type-simple"},"_links":{"self":[{"href":"https:\/\/eterle.cz\/eshop\/wp-json\/wp\/v2\/product\/15876","targetHints":{"allow":["GET"]}}],"collection":[{"href":"https:\/\/eterle.cz\/eshop\/wp-json\/wp\/v2\/product"}],"about":[{"href":"https:\/\/eterle.cz\/eshop\/wp-json\/wp\/v2\/types\/product"}],"version-history":[{"count":1,"href":"https:\/\/eterle.cz\/eshop\/wp-json\/wp\/v2\/product\/15876\/revisions"}],"predecessor-version":[{"id":26285,"href":"https:\/\/eterle.cz\/eshop\/wp-json\/wp\/v2\/product\/15876\/revisions\/26285"}],"wp:featuredmedia":[{"embeddable":true,"href":"https:\/\/eterle.cz\/eshop\/wp-json\/wp\/v2\/media\/15398"}],"wp:attachment":[{"href":"https:\/\/eterle.cz\/eshop\/wp-json\/wp\/v2\/media?parent=15876"}],"wp:term":[{"taxonomy":"product_brand","embeddable":true,"href":"https:\/\/eterle.cz\/eshop\/wp-json\/wp\/v2\/product_brand?post=15876"},{"taxonomy":"product_cat","embeddable":true,"href":"https:\/\/eterle.cz\/eshop\/wp-json\/wp\/v2\/product_cat?post=15876"},{"taxonomy":"product_tag","embeddable":true,"href":"https:\/\/eterle.cz\/eshop\/wp-json\/wp\/v2\/product_tag?post=15876"}],"curies":[{"name":"wp","href":"https:\/\/api.w.org\/{rel}","templated":true}]}}