{"id":15888,"date":"2023-10-20T20:36:55","date_gmt":"2023-10-20T18:36:55","guid":{"rendered":"https:\/\/eterle.cz\/eshop\/produkt\/sapo-s-cukrenkou-seltmann-weiden\/"},"modified":"2025-06-24T01:53:42","modified_gmt":"2025-06-23T23:53:42","slug":"sapo-s-cukrenkou-seltmann-weiden","status":"publish","type":"product","link":"https:\/\/eterle.cz\/eshop\/produkt\/sapo-s-cukrenkou-seltmann-weiden\/","title":{"rendered":"\u0160ap\u00f3 s cuk\u0159enkou \/ Seltmann Weiden"},"content":{"rendered":"<p>Sada je sice od n\u011bmeck\u00e9 porcel\u00e1nky, ale zdobena je \u010d\u00ednsk\u00fdm vzorem. Je dekorov\u00e1na nejen kresbou, ale i samotn\u00fd porcel\u00e1n je prolamovan\u00fd. Hrne\u010dek je nav\u00edc dekorov\u00e1ny i uvnit\u0159. Sadu tvo\u0159\u00ed hne\u010dek s pod\u0161\u00e1lkem a cuk\u0159enka.<\/p>\n<p>Stav: velmi dobr\u00fd<br \/>\nZna\u010dka: Seltmann Weiden<br \/>\nRozm\u011br<br \/>\nObjem cuk\u0159enky: 150 ml<br \/>\nV\u00fd\u0161ka cuk\u0159enky: 9 cm<br \/>\nObjem hrne\u010dku: 150 ml<br \/>\nPr\u016fm\u011br pod\u0161\u00e1lku: 13 cm<\/p>\n","protected":false},"excerpt":{"rendered":"<p>Sada je sice od n\u011bmeck\u00e9 porcel\u00e1nky, ale zdobena je \u010d\u00ednsk\u00fdm vzorem. Je dekorov\u00e1na nejen kresbou, ale i samotn\u00fd porcel\u00e1n je<\/p>\n","protected":false},"featured_media":15475,"template":"","meta":[],"product_brand":[153],"product_cat":[76,120,108],"product_tag":[],"class_list":{"0":"post-15888","1":"product","2":"type-product","3":"status-publish","4":"has-post-thumbnail","6":"product_brand-eterle-cz","7":"product_cat-porcelan","8":"product_cat-hrnecky","9":"product_cat-cukrenky-a-mlekovky","11":"first","12":"instock","13":"purchasable","14":"product-type-simple"},"_links":{"self":[{"href":"https:\/\/eterle.cz\/eshop\/wp-json\/wp\/v2\/product\/15888","targetHints":{"allow":["GET"]}}],"collection":[{"href":"https:\/\/eterle.cz\/eshop\/wp-json\/wp\/v2\/product"}],"about":[{"href":"https:\/\/eterle.cz\/eshop\/wp-json\/wp\/v2\/types\/product"}],"version-history":[{"count":1,"href":"https:\/\/eterle.cz\/eshop\/wp-json\/wp\/v2\/product\/15888\/revisions"}],"predecessor-version":[{"id":26281,"href":"https:\/\/eterle.cz\/eshop\/wp-json\/wp\/v2\/product\/15888\/revisions\/26281"}],"wp:featuredmedia":[{"embeddable":true,"href":"https:\/\/eterle.cz\/eshop\/wp-json\/wp\/v2\/media\/15475"}],"wp:attachment":[{"href":"https:\/\/eterle.cz\/eshop\/wp-json\/wp\/v2\/media?parent=15888"}],"wp:term":[{"taxonomy":"product_brand","embeddable":true,"href":"https:\/\/eterle.cz\/eshop\/wp-json\/wp\/v2\/product_brand?post=15888"},{"taxonomy":"product_cat","embeddable":true,"href":"https:\/\/eterle.cz\/eshop\/wp-json\/wp\/v2\/product_cat?post=15888"},{"taxonomy":"product_tag","embeddable":true,"href":"https:\/\/eterle.cz\/eshop\/wp-json\/wp\/v2\/product_tag?post=15888"}],"curies":[{"name":"wp","href":"https:\/\/api.w.org\/{rel}","templated":true}]}}