{"id":15892,"date":"2023-10-20T20:37:17","date_gmt":"2023-10-20T18:37:17","guid":{"rendered":"https:\/\/eterle.cz\/eshop\/produkt\/sada-taliru-pro-4-hutschenreuther\/"},"modified":"2025-02-16T02:52:01","modified_gmt":"2025-02-16T01:52:01","slug":"sada-taliru-pro-4-hutschenreuther","status":"publish","type":"product","link":"https:\/\/eterle.cz\/eshop\/produkt\/sada-taliru-pro-4-hutschenreuther\/","title":{"rendered":"Sada tal\u00ed\u0159\u016f pro 4 \/ Hutschenreuther"},"content":{"rendered":"<p>Kr\u00e1sn\u00e9 tal\u00ed\u0159e z tenk\u00e9ho st\u0159epu od n\u011bmeck\u00e9 porcel\u00e1nky Hutschenreuther, jedn\u00e9 z nejstar\u0161\u00edch evropsk\u00fdch porcel\u00e1nek, kter\u00e1 pat\u0159\u00ed u\u017e p\u0159es dv\u011b dek\u00e1dy do \u201erodiny\u201c Rosenthal. Tal\u00ed\u0159e maj\u00ed jemn\u00fd plastick\u00fd vzor po obvodu, kter\u00fd jim dod\u00e1v\u00e1 na n\u011b\u017enosti a eleganci.<\/p>\n<p>Stav: v\u00fdborn\u00fd, jen nepatrn\u00fd o\u0165uk na spodn\u00edm lemu jednoho hlubok\u00e9ho tal\u00ed\u0159e<br \/>\nZna\u010dka: Hutschenreuther<br \/>\nRozm\u011br<br \/>\nPr\u016fm\u011br hlubok\u00e9ho tal\u00ed\u0159e: 25,5 cm<br \/>\nPr\u016fm\u011br m\u011blk\u00e9ho tal\u00ed\u0159e:  25,5 cm<\/p>\n","protected":false},"excerpt":{"rendered":"<p>Kr\u00e1sn\u00e9 tal\u00ed\u0159e z tenk\u00e9ho st\u0159epu od n\u011bmeck\u00e9 porcel\u00e1nky Hutschenreuther, jedn\u00e9 z nejstar\u0161\u00edch evropsk\u00fdch porcel\u00e1nek, kter\u00e1 pat\u0159\u00ed u\u017e p\u0159es dv\u011b dek\u00e1dy<\/p>\n","protected":false},"featured_media":15505,"template":"","meta":[],"product_brand":[153],"product_cat":[91],"product_tag":[],"class_list":{"0":"post-15892","1":"product","2":"type-product","3":"status-publish","4":"has-post-thumbnail","6":"product_brand-eterle-cz","7":"product_cat-prodane","9":"first","10":"outofstock","11":"purchasable","12":"product-type-simple"},"_links":{"self":[{"href":"https:\/\/eterle.cz\/eshop\/wp-json\/wp\/v2\/product\/15892","targetHints":{"allow":["GET"]}}],"collection":[{"href":"https:\/\/eterle.cz\/eshop\/wp-json\/wp\/v2\/product"}],"about":[{"href":"https:\/\/eterle.cz\/eshop\/wp-json\/wp\/v2\/types\/product"}],"version-history":[{"count":0,"href":"https:\/\/eterle.cz\/eshop\/wp-json\/wp\/v2\/product\/15892\/revisions"}],"wp:featuredmedia":[{"embeddable":true,"href":"https:\/\/eterle.cz\/eshop\/wp-json\/wp\/v2\/media\/15505"}],"wp:attachment":[{"href":"https:\/\/eterle.cz\/eshop\/wp-json\/wp\/v2\/media?parent=15892"}],"wp:term":[{"taxonomy":"product_brand","embeddable":true,"href":"https:\/\/eterle.cz\/eshop\/wp-json\/wp\/v2\/product_brand?post=15892"},{"taxonomy":"product_cat","embeddable":true,"href":"https:\/\/eterle.cz\/eshop\/wp-json\/wp\/v2\/product_cat?post=15892"},{"taxonomy":"product_tag","embeddable":true,"href":"https:\/\/eterle.cz\/eshop\/wp-json\/wp\/v2\/product_tag?post=15892"}],"curies":[{"name":"wp","href":"https:\/\/api.w.org\/{rel}","templated":true}]}}