{"id":15893,"date":"2023-10-20T20:37:22","date_gmt":"2023-10-20T18:37:22","guid":{"rendered":"https:\/\/eterle.cz\/eshop\/produkt\/secesni-hrnek\/"},"modified":"2025-02-16T02:52:00","modified_gmt":"2025-02-16T01:52:00","slug":"secesni-hrnek","status":"publish","type":"product","link":"https:\/\/eterle.cz\/eshop\/produkt\/secesni-hrnek\/","title":{"rendered":"Secesn\u00ed hrnek"},"content":{"rendered":"<p>B\u00edl\u00fd hrnek v secesn\u00edm stylu na t\u0159ech zdobn\u00fdch no\u017ei\u010dk\u00e1ch. V\u00fdrazn\u00fd prvek tvo\u0159\u00ed p\u0159edev\u0161\u00edm velmi zdobn\u00e9 ucho, kter\u00e9 p\u0159esahuje a\u017e do vnit\u0159n\u00edho okraje hrnku.<\/p>\n<p>Stav: nepou\u017eit\u00e9<br \/>\nRozm\u011br<br \/>\nObjem: 150 ml<br \/>\nV\u00fd\u0161ka: 11 cm<\/p>\n","protected":false},"excerpt":{"rendered":"<p>B\u00edl\u00fd hrnek v secesn\u00edm stylu na t\u0159ech zdobn\u00fdch no\u017ei\u010dk\u00e1ch. V\u00fdrazn\u00fd prvek tvo\u0159\u00ed p\u0159edev\u0161\u00edm velmi zdobn\u00e9 ucho, kter\u00e9 p\u0159esahuje a\u017e do<\/p>\n","protected":false},"featured_media":15512,"template":"","meta":[],"product_brand":[153],"product_cat":[91],"product_tag":[],"class_list":{"0":"post-15893","1":"product","2":"type-product","3":"status-publish","4":"has-post-thumbnail","6":"product_brand-eterle-cz","7":"product_cat-prodane","9":"first","10":"outofstock","11":"purchasable","12":"product-type-simple"},"_links":{"self":[{"href":"https:\/\/eterle.cz\/eshop\/wp-json\/wp\/v2\/product\/15893","targetHints":{"allow":["GET"]}}],"collection":[{"href":"https:\/\/eterle.cz\/eshop\/wp-json\/wp\/v2\/product"}],"about":[{"href":"https:\/\/eterle.cz\/eshop\/wp-json\/wp\/v2\/types\/product"}],"version-history":[{"count":0,"href":"https:\/\/eterle.cz\/eshop\/wp-json\/wp\/v2\/product\/15893\/revisions"}],"wp:featuredmedia":[{"embeddable":true,"href":"https:\/\/eterle.cz\/eshop\/wp-json\/wp\/v2\/media\/15512"}],"wp:attachment":[{"href":"https:\/\/eterle.cz\/eshop\/wp-json\/wp\/v2\/media?parent=15893"}],"wp:term":[{"taxonomy":"product_brand","embeddable":true,"href":"https:\/\/eterle.cz\/eshop\/wp-json\/wp\/v2\/product_brand?post=15893"},{"taxonomy":"product_cat","embeddable":true,"href":"https:\/\/eterle.cz\/eshop\/wp-json\/wp\/v2\/product_cat?post=15893"},{"taxonomy":"product_tag","embeddable":true,"href":"https:\/\/eterle.cz\/eshop\/wp-json\/wp\/v2\/product_tag?post=15893"}],"curies":[{"name":"wp","href":"https:\/\/api.w.org\/{rel}","templated":true}]}}