{"id":15894,"date":"2023-10-20T20:37:28","date_gmt":"2023-10-20T18:37:28","guid":{"rendered":"https:\/\/eterle.cz\/eshop\/produkt\/secesni-mlekovka\/"},"modified":"2025-06-24T01:53:42","modified_gmt":"2025-06-23T23:53:42","slug":"secesni-mlekovka","status":"publish","type":"product","link":"https:\/\/eterle.cz\/eshop\/produkt\/secesni-mlekovka\/","title":{"rendered":"Secesn\u00ed ml\u00e9kovka"},"content":{"rendered":"<p>B\u00edl\u00e1 ml\u00e9kovka v secesn\u00edm stylu na vroubkovan\u00e9m podstavci s v\u00fdrazn\u011b zdob\u00fdm uchem.<\/p>\n<p>Stav: nepou\u017eit\u00e9<br \/>\nRozm\u011br<br \/>\nObjem: 150 ml<br \/>\nV\u00fd\u0161ka: 13 cm<\/p>\n","protected":false},"excerpt":{"rendered":"<p>B\u00edl\u00e1 ml\u00e9kovka v secesn\u00edm stylu na vroubkovan\u00e9m podstavci s v\u00fdrazn\u011b zdob\u00fdm uchem. Stav: nepou\u017eit\u00e9 Rozm\u011br Objem: 150 ml V\u00fd\u0161ka: 13<\/p>\n","protected":false},"featured_media":15515,"template":"","meta":[],"product_brand":[153],"product_cat":[76,108],"product_tag":[],"class_list":{"0":"post-15894","1":"product","2":"type-product","3":"status-publish","4":"has-post-thumbnail","6":"product_brand-eterle-cz","7":"product_cat-porcelan","8":"product_cat-cukrenky-a-mlekovky","10":"first","11":"instock","12":"purchasable","13":"product-type-simple"},"_links":{"self":[{"href":"https:\/\/eterle.cz\/eshop\/wp-json\/wp\/v2\/product\/15894","targetHints":{"allow":["GET"]}}],"collection":[{"href":"https:\/\/eterle.cz\/eshop\/wp-json\/wp\/v2\/product"}],"about":[{"href":"https:\/\/eterle.cz\/eshop\/wp-json\/wp\/v2\/types\/product"}],"version-history":[{"count":1,"href":"https:\/\/eterle.cz\/eshop\/wp-json\/wp\/v2\/product\/15894\/revisions"}],"predecessor-version":[{"id":26279,"href":"https:\/\/eterle.cz\/eshop\/wp-json\/wp\/v2\/product\/15894\/revisions\/26279"}],"wp:featuredmedia":[{"embeddable":true,"href":"https:\/\/eterle.cz\/eshop\/wp-json\/wp\/v2\/media\/15515"}],"wp:attachment":[{"href":"https:\/\/eterle.cz\/eshop\/wp-json\/wp\/v2\/media?parent=15894"}],"wp:term":[{"taxonomy":"product_brand","embeddable":true,"href":"https:\/\/eterle.cz\/eshop\/wp-json\/wp\/v2\/product_brand?post=15894"},{"taxonomy":"product_cat","embeddable":true,"href":"https:\/\/eterle.cz\/eshop\/wp-json\/wp\/v2\/product_cat?post=15894"},{"taxonomy":"product_tag","embeddable":true,"href":"https:\/\/eterle.cz\/eshop\/wp-json\/wp\/v2\/product_tag?post=15894"}],"curies":[{"name":"wp","href":"https:\/\/api.w.org\/{rel}","templated":true}]}}