{"id":15895,"date":"2023-10-20T20:37:33","date_gmt":"2023-10-20T18:37:33","guid":{"rendered":"https:\/\/eterle.cz\/eshop\/produkt\/snidanova-sada-pro-4-hutschenreuther-tirschenreuth\/"},"modified":"2025-02-16T02:52:00","modified_gmt":"2025-02-16T01:52:00","slug":"snidanova-sada-pro-4-hutschenreuther-tirschenreuth","status":"publish","type":"product","link":"https:\/\/eterle.cz\/eshop\/produkt\/snidanova-sada-pro-4-hutschenreuther-tirschenreuth\/","title":{"rendered":"Sn\u00edda\u0148ov\u00e1 sada pro 4 \/ Hutschenreuther, Tirschenreuth"},"content":{"rendered":"<p>Dle zna\u010den\u00ed poch\u00e1z\u00ed porcel\u00e1n z obdob\u00ed 1969 &#8211; 1995. Porcel\u00e1nka Hutschenreuther p\u0159evzala porcel\u00e1nku Tirschenreuth ve 30. letech minul\u00e9ho stolet\u00ed, ale u\u017e v roce 1994 se od n\u00ed odd\u011blila a porcel\u00e1nka Tirschenreuth tak v roce 1995 po 150 letech zanik\u00e1. <\/p>\n<p>Sn\u00edda\u0148ov\u00e1 sada klasick\u00e9ho tvaru a tenk\u00e9ho st\u0159epu v elegantn\u00ed kombinaci kobaltov\u00e9 modr\u00e9 a ru\u010dn\u011b malovan\u00e9ho zlat\u00e9ho prou\u017eku. Na vzne\u0161enosti dod\u00e1v\u00e1 porcel\u00e1nu i plastick\u00e9 zdoben\u00ed v podob\u011b \u0161upinek.<\/p>\n<p>Stav:<br \/>\nZna\u010dka: Hutschenreuther \/Tirschenreuth<br \/>\nRozm\u011br<br \/>\nObjem cuk\u0159enky: 130 ml<br \/>\nV\u00fd\u0161ka cuk\u0159enky: 9 cm<br \/>\nObjem ml\u00e9kovky:  150 ml<br \/>\nV\u00fd\u0161ka ml\u00e9kovky: 8 cm<br \/>\nObjem hrne\u010dku: 150 ml<br \/>\nPr\u016fm\u011br pod\u0161\u00e1lku: 13 cm<br \/>\nPr\u016fm\u011br dezertn\u00edho tal\u00ed\u0159ku: 19 cm<\/p>\n","protected":false},"excerpt":{"rendered":"<p>Dle zna\u010den\u00ed poch\u00e1z\u00ed porcel\u00e1n z obdob\u00ed 1969 &#8211; 1995. Porcel\u00e1nka Hutschenreuther p\u0159evzala porcel\u00e1nku Tirschenreuth ve 30. letech minul\u00e9ho stolet\u00ed, ale<\/p>\n","protected":false},"featured_media":15516,"template":"","meta":[],"product_brand":[153],"product_cat":[91],"product_tag":[],"class_list":{"0":"post-15895","1":"product","2":"type-product","3":"status-publish","4":"has-post-thumbnail","6":"product_brand-eterle-cz","7":"product_cat-prodane","9":"first","10":"outofstock","11":"purchasable","12":"product-type-simple"},"_links":{"self":[{"href":"https:\/\/eterle.cz\/eshop\/wp-json\/wp\/v2\/product\/15895","targetHints":{"allow":["GET"]}}],"collection":[{"href":"https:\/\/eterle.cz\/eshop\/wp-json\/wp\/v2\/product"}],"about":[{"href":"https:\/\/eterle.cz\/eshop\/wp-json\/wp\/v2\/types\/product"}],"version-history":[{"count":0,"href":"https:\/\/eterle.cz\/eshop\/wp-json\/wp\/v2\/product\/15895\/revisions"}],"wp:featuredmedia":[{"embeddable":true,"href":"https:\/\/eterle.cz\/eshop\/wp-json\/wp\/v2\/media\/15516"}],"wp:attachment":[{"href":"https:\/\/eterle.cz\/eshop\/wp-json\/wp\/v2\/media?parent=15895"}],"wp:term":[{"taxonomy":"product_brand","embeddable":true,"href":"https:\/\/eterle.cz\/eshop\/wp-json\/wp\/v2\/product_brand?post=15895"},{"taxonomy":"product_cat","embeddable":true,"href":"https:\/\/eterle.cz\/eshop\/wp-json\/wp\/v2\/product_cat?post=15895"},{"taxonomy":"product_tag","embeddable":true,"href":"https:\/\/eterle.cz\/eshop\/wp-json\/wp\/v2\/product_tag?post=15895"}],"curies":[{"name":"wp","href":"https:\/\/api.w.org\/{rel}","templated":true}]}}