{"id":15896,"date":"2023-10-20T20:37:38","date_gmt":"2023-10-20T18:37:38","guid":{"rendered":"https:\/\/eterle.cz\/eshop\/produkt\/servirovaci-tac-villeroy-boch\/"},"modified":"2025-06-24T01:53:41","modified_gmt":"2025-06-23T23:53:41","slug":"servirovaci-tac-villeroy-boch","status":"publish","type":"product","link":"https:\/\/eterle.cz\/eshop\/produkt\/servirovaci-tac-villeroy-boch\/","title":{"rendered":"Serv\u00edrovac\u00ed t\u00e1c \/ Villeroy Boch"},"content":{"rendered":"<p>Serv\u00edrovac\u00ed t\u00e1c vhodn\u00fd na drobn\u00e9 sladk\u00e9 \u010di slan\u00e9 poho\u0161t\u011bn\u00ed, kter\u00fd sv\u00fdm dekorem v odst\u00ednech \u0161edo-modr\u00e9 evokuje art deco styl.<\/p>\n<p>Stav: dobr\u00fd vintage, m\u00edsty lehce set\u0159ena kresba<br \/>\nZna\u010dka: Villeroy Boch<br \/>\nRozm\u011br<br \/>\nPr\u016fm\u011br: 30 cm<\/p>\n","protected":false},"excerpt":{"rendered":"<p>Serv\u00edrovac\u00ed t\u00e1c vhodn\u00fd na drobn\u00e9 sladk\u00e9 \u010di slan\u00e9 poho\u0161t\u011bn\u00ed, kter\u00fd sv\u00fdm dekorem v odst\u00ednech \u0161edo-modr\u00e9 evokuje art deco styl. Stav:<\/p>\n","protected":false},"featured_media":15522,"template":"","meta":[],"product_brand":[153],"product_cat":[76,110],"product_tag":[],"class_list":{"0":"post-15896","1":"product","2":"type-product","3":"status-publish","4":"has-post-thumbnail","6":"product_brand-eterle-cz","7":"product_cat-porcelan","8":"product_cat-misy","10":"first","11":"instock","12":"purchasable","13":"product-type-simple"},"_links":{"self":[{"href":"https:\/\/eterle.cz\/eshop\/wp-json\/wp\/v2\/product\/15896","targetHints":{"allow":["GET"]}}],"collection":[{"href":"https:\/\/eterle.cz\/eshop\/wp-json\/wp\/v2\/product"}],"about":[{"href":"https:\/\/eterle.cz\/eshop\/wp-json\/wp\/v2\/types\/product"}],"version-history":[{"count":1,"href":"https:\/\/eterle.cz\/eshop\/wp-json\/wp\/v2\/product\/15896\/revisions"}],"predecessor-version":[{"id":26278,"href":"https:\/\/eterle.cz\/eshop\/wp-json\/wp\/v2\/product\/15896\/revisions\/26278"}],"wp:featuredmedia":[{"embeddable":true,"href":"https:\/\/eterle.cz\/eshop\/wp-json\/wp\/v2\/media\/15522"}],"wp:attachment":[{"href":"https:\/\/eterle.cz\/eshop\/wp-json\/wp\/v2\/media?parent=15896"}],"wp:term":[{"taxonomy":"product_brand","embeddable":true,"href":"https:\/\/eterle.cz\/eshop\/wp-json\/wp\/v2\/product_brand?post=15896"},{"taxonomy":"product_cat","embeddable":true,"href":"https:\/\/eterle.cz\/eshop\/wp-json\/wp\/v2\/product_cat?post=15896"},{"taxonomy":"product_tag","embeddable":true,"href":"https:\/\/eterle.cz\/eshop\/wp-json\/wp\/v2\/product_tag?post=15896"}],"curies":[{"name":"wp","href":"https:\/\/api.w.org\/{rel}","templated":true}]}}