{"id":15897,"date":"2023-10-20T20:37:44","date_gmt":"2023-10-20T18:37:44","guid":{"rendered":"https:\/\/eterle.cz\/eshop\/produkt\/salatova-misa-czechoslovakia\/"},"modified":"2025-02-16T02:51:59","modified_gmt":"2025-02-16T01:51:59","slug":"salatova-misa-czechoslovakia","status":"publish","type":"product","link":"https:\/\/eterle.cz\/eshop\/produkt\/salatova-misa-czechoslovakia\/","title":{"rendered":"Sal\u00e1tov\u00e1 m\u00edsa \/ Czechoslovakia"},"content":{"rendered":"<p>Sal\u00e1tov\u00e1 m\u00edsa nejen pro sb\u011bratele pomn\u011bnkov\u00e9ho dekoru.<\/p>\n<p>Stav: velmi dobr\u00fd<br \/>\nRozm\u011br: 23 x 23 cm<br \/>\nV\u00fd\u0161ka: 5 cm<\/p>\n","protected":false},"excerpt":{"rendered":"<p>Sal\u00e1tov\u00e1 m\u00edsa nejen pro sb\u011bratele pomn\u011bnkov\u00e9ho dekoru. Stav: velmi dobr\u00fd Rozm\u011br: 23 x 23 cm V\u00fd\u0161ka: 5 cm<\/p>\n","protected":false},"featured_media":15528,"template":"","meta":[],"product_brand":[153],"product_cat":[91],"product_tag":[],"class_list":{"0":"post-15897","1":"product","2":"type-product","3":"status-publish","4":"has-post-thumbnail","6":"product_brand-eterle-cz","7":"product_cat-prodane","9":"first","10":"outofstock","11":"purchasable","12":"product-type-simple"},"_links":{"self":[{"href":"https:\/\/eterle.cz\/eshop\/wp-json\/wp\/v2\/product\/15897","targetHints":{"allow":["GET"]}}],"collection":[{"href":"https:\/\/eterle.cz\/eshop\/wp-json\/wp\/v2\/product"}],"about":[{"href":"https:\/\/eterle.cz\/eshop\/wp-json\/wp\/v2\/types\/product"}],"version-history":[{"count":0,"href":"https:\/\/eterle.cz\/eshop\/wp-json\/wp\/v2\/product\/15897\/revisions"}],"wp:featuredmedia":[{"embeddable":true,"href":"https:\/\/eterle.cz\/eshop\/wp-json\/wp\/v2\/media\/15528"}],"wp:attachment":[{"href":"https:\/\/eterle.cz\/eshop\/wp-json\/wp\/v2\/media?parent=15897"}],"wp:term":[{"taxonomy":"product_brand","embeddable":true,"href":"https:\/\/eterle.cz\/eshop\/wp-json\/wp\/v2\/product_brand?post=15897"},{"taxonomy":"product_cat","embeddable":true,"href":"https:\/\/eterle.cz\/eshop\/wp-json\/wp\/v2\/product_cat?post=15897"},{"taxonomy":"product_tag","embeddable":true,"href":"https:\/\/eterle.cz\/eshop\/wp-json\/wp\/v2\/product_tag?post=15897"}],"curies":[{"name":"wp","href":"https:\/\/api.w.org\/{rel}","templated":true}]}}