{"id":15898,"date":"2023-10-20T20:37:50","date_gmt":"2023-10-20T18:37:50","guid":{"rendered":"https:\/\/eterle.cz\/eshop\/produkt\/salatova-secesni-misa-moritz-zdekauer\/"},"modified":"2025-06-24T01:53:41","modified_gmt":"2025-06-23T23:53:41","slug":"salatova-secesni-misa-moritz-zdekauer","status":"publish","type":"product","link":"https:\/\/eterle.cz\/eshop\/produkt\/salatova-secesni-misa-moritz-zdekauer\/","title":{"rendered":"Sal\u00e1tov\u00e1 secesn\u00ed m\u00edsa \/ Moritz Zdekauer"},"content":{"rendered":"<p>Secesn\u00ed sal\u00e1tov\u00e1 m\u00edsa od \u010desk\u00e9 porcel\u00e1nky Moritz Zdekauer nese inici\u00e1ly majitele  porcel\u00e1nky ve Star\u00e9 Roli. Dle zna\u010den\u00ed poch\u00e1z\u00ed  z obdob\u00ed Rakousko-Uherska, kdy se na porcel\u00e1nu objevuje n\u00e1pis MZ Austria dopln\u011bn jednou \u010di dv\u011bma orlicemi nebo amforou.<\/p>\n<p>Stav: dobr\u00fd vintage s patinou, zlat\u00e1 linka na obvodu \u010d\u00e1ste\u010dn\u011b set\u0159ena<br \/>\nZna\u010dka: Moritz Zdekauer<br \/>\nRozm\u011br: 26 x 24 cm<br \/>\nV\u00fd\u0161ka: 4 cm<\/p>\n","protected":false},"excerpt":{"rendered":"<p>Secesn\u00ed sal\u00e1tov\u00e1 m\u00edsa od \u010desk\u00e9 porcel\u00e1nky Moritz Zdekauer nese inici\u00e1ly majitele porcel\u00e1nky ve Star\u00e9 Roli. Dle zna\u010den\u00ed poch\u00e1z\u00ed z obdob\u00ed<\/p>\n","protected":false},"featured_media":15535,"template":"","meta":[],"product_brand":[153],"product_cat":[76,110],"product_tag":[],"class_list":{"0":"post-15898","1":"product","2":"type-product","3":"status-publish","4":"has-post-thumbnail","6":"product_brand-eterle-cz","7":"product_cat-porcelan","8":"product_cat-misy","10":"first","11":"instock","12":"purchasable","13":"product-type-simple"},"_links":{"self":[{"href":"https:\/\/eterle.cz\/eshop\/wp-json\/wp\/v2\/product\/15898","targetHints":{"allow":["GET"]}}],"collection":[{"href":"https:\/\/eterle.cz\/eshop\/wp-json\/wp\/v2\/product"}],"about":[{"href":"https:\/\/eterle.cz\/eshop\/wp-json\/wp\/v2\/types\/product"}],"version-history":[{"count":1,"href":"https:\/\/eterle.cz\/eshop\/wp-json\/wp\/v2\/product\/15898\/revisions"}],"predecessor-version":[{"id":26277,"href":"https:\/\/eterle.cz\/eshop\/wp-json\/wp\/v2\/product\/15898\/revisions\/26277"}],"wp:featuredmedia":[{"embeddable":true,"href":"https:\/\/eterle.cz\/eshop\/wp-json\/wp\/v2\/media\/15535"}],"wp:attachment":[{"href":"https:\/\/eterle.cz\/eshop\/wp-json\/wp\/v2\/media?parent=15898"}],"wp:term":[{"taxonomy":"product_brand","embeddable":true,"href":"https:\/\/eterle.cz\/eshop\/wp-json\/wp\/v2\/product_brand?post=15898"},{"taxonomy":"product_cat","embeddable":true,"href":"https:\/\/eterle.cz\/eshop\/wp-json\/wp\/v2\/product_cat?post=15898"},{"taxonomy":"product_tag","embeddable":true,"href":"https:\/\/eterle.cz\/eshop\/wp-json\/wp\/v2\/product_tag?post=15898"}],"curies":[{"name":"wp","href":"https:\/\/api.w.org\/{rel}","templated":true}]}}