{"id":15901,"date":"2023-10-20T20:38:08","date_gmt":"2023-10-20T18:38:08","guid":{"rendered":"https:\/\/eterle.cz\/eshop\/produkt\/hrnek-na-caj-rudolf-kampf-5\/"},"modified":"2025-02-16T02:51:58","modified_gmt":"2025-02-16T01:51:58","slug":"hrnek-na-caj-rudolf-kampf-5","status":"publish","type":"product","link":"https:\/\/eterle.cz\/eshop\/produkt\/hrnek-na-caj-rudolf-kampf-5\/","title":{"rendered":"Hrnek na \u010daj \/ Rudolf K\u00e4mpf"},"content":{"rendered":"<p>Luxusn\u00ed \u010dajov\u00fd \u0161\u00e1lek od \u010desk\u00e9 porcel\u00e1nky Rudolf K\u00e4mpf, kter\u00e1 byla zalo\u017eena na p\u0159elomu 19. a 20. stolet\u00ed za podpory habsbursk\u00e9 kr\u00e1lovks\u00e9 dynastie. Tov\u00e1rna byla zalo\u017eena jako elitn\u00ed dodavatel vysoce um\u011bleck\u00e9ho n\u00e1dob\u00ed, figurek a dal\u0161\u00edho porcel\u00e1nu pro kr\u00e1lovsk\u00fd dv\u016fr a dom\u00e1cnosti evropsk\u00e9 aristokracie. Spole\u010dnosti se poda\u0159ilo udr\u017eet si sv\u00e9 hlavn\u00ed p\u0159ednosti i ve 21. stolet\u00ed. Je jedinou tov\u00e1rnou v \u010cesk\u00e9 republice, kde se porcel\u00e1n vyr\u00e1b\u00ed ru\u010dne, co\u017e dod\u00e1v\u00e1 jej\u00edm v\u00fdrobk\u016fm na vyj\u00edme\u010dnosti. V\u00fdrobky zna\u010dky Rudolf K\u00e4mpf tvo\u0159\u00ed v\u011bt\u0161inou limitovan\u00e9 s\u00e9rie a exkluzivn\u00ed exempla\u0159e. \u0160\u00e1lek v barv\u011b slonov\u00e9 kosti je zdoben\u00fd prav\u00fdm zlatem a poch\u00e1z\u00ed z edice Egypt, kter\u00e1 byla inspirov\u00e1na starov\u011bkou mytologi\u00ed.<\/p>\n<p>Stav: nov\u00fd<br \/>\nZna\u010dka: Rudolf K\u00e4mpf<br \/>\nRozm\u011br<br \/>\nObjem: 150 ml<br \/>\nV\u00fd\u0161ka: 8,5 cm<\/p>\n","protected":false},"excerpt":{"rendered":"<p>Luxusn\u00ed \u010dajov\u00fd \u0161\u00e1lek od \u010desk\u00e9 porcel\u00e1nky Rudolf K\u00e4mpf, kter\u00e1 byla zalo\u017eena na p\u0159elomu 19. a 20. stolet\u00ed za podpory habsbursk\u00e9<\/p>\n","protected":false},"featured_media":15551,"template":"","meta":[],"product_brand":[153],"product_cat":[91],"product_tag":[],"class_list":{"0":"post-15901","1":"product","2":"type-product","3":"status-publish","4":"has-post-thumbnail","6":"product_brand-eterle-cz","7":"product_cat-prodane","9":"first","10":"outofstock","11":"purchasable","12":"product-type-simple"},"_links":{"self":[{"href":"https:\/\/eterle.cz\/eshop\/wp-json\/wp\/v2\/product\/15901","targetHints":{"allow":["GET"]}}],"collection":[{"href":"https:\/\/eterle.cz\/eshop\/wp-json\/wp\/v2\/product"}],"about":[{"href":"https:\/\/eterle.cz\/eshop\/wp-json\/wp\/v2\/types\/product"}],"version-history":[{"count":1,"href":"https:\/\/eterle.cz\/eshop\/wp-json\/wp\/v2\/product\/15901\/revisions"}],"predecessor-version":[{"id":17340,"href":"https:\/\/eterle.cz\/eshop\/wp-json\/wp\/v2\/product\/15901\/revisions\/17340"}],"wp:featuredmedia":[{"embeddable":true,"href":"https:\/\/eterle.cz\/eshop\/wp-json\/wp\/v2\/media\/15551"}],"wp:attachment":[{"href":"https:\/\/eterle.cz\/eshop\/wp-json\/wp\/v2\/media?parent=15901"}],"wp:term":[{"taxonomy":"product_brand","embeddable":true,"href":"https:\/\/eterle.cz\/eshop\/wp-json\/wp\/v2\/product_brand?post=15901"},{"taxonomy":"product_cat","embeddable":true,"href":"https:\/\/eterle.cz\/eshop\/wp-json\/wp\/v2\/product_cat?post=15901"},{"taxonomy":"product_tag","embeddable":true,"href":"https:\/\/eterle.cz\/eshop\/wp-json\/wp\/v2\/product_tag?post=15901"}],"curies":[{"name":"wp","href":"https:\/\/api.w.org\/{rel}","templated":true}]}}