{"id":15903,"date":"2023-10-20T20:38:20","date_gmt":"2023-10-20T18:38:20","guid":{"rendered":"https:\/\/eterle.cz\/eshop\/produkt\/sada-porcelanovych-vaz-hutschenreuther\/"},"modified":"2025-02-16T02:51:58","modified_gmt":"2025-02-16T01:51:58","slug":"sada-porcelanovych-vaz-hutschenreuther","status":"publish","type":"product","link":"https:\/\/eterle.cz\/eshop\/produkt\/sada-porcelanovych-vaz-hutschenreuther\/","title":{"rendered":"Sada porcel\u00e1nov\u00fdch v\u00e1z \/ Hutschenreuther"},"content":{"rendered":"<p>Dvojice men\u0161\u00edch v\u00e1zi\u010dek od n\u011bmeck\u00e9 porcel\u00e1nky Hutschenreuther, kter\u00e9 maj\u00ed origin\u00e1ln\u00ed tvar p\u0159ipom\u00ednaj\u00edc\u00ed slunce. Vhodn\u00e9 na jednu kv\u011btinu.<\/p>\n<p>Stav: velmi dobr\u00fd, jen u v\u011bt\u0161\u00ed jsou uvnit\u0159 zn\u00e1mky pou\u017e\u00edv\u00e1n\u00ed<br \/>\nZna\u010dka: Hutschenreuther<br \/>\nRozm\u011br<br \/>\nV\u00fd\u0161ka men\u0161\u00ed: 11 cm<br \/>\nV\u00fd\u0161ka v\u011bt\u0161\u00ed: 13,5 cm<\/p>\n","protected":false},"excerpt":{"rendered":"<p>Dvojice men\u0161\u00edch v\u00e1zi\u010dek od n\u011bmeck\u00e9 porcel\u00e1nky Hutschenreuther, kter\u00e9 maj\u00ed origin\u00e1ln\u00ed tvar p\u0159ipom\u00ednaj\u00edc\u00ed slunce. Vhodn\u00e9 na jednu kv\u011btinu. Stav: velmi dobr\u00fd,<\/p>\n","protected":false},"featured_media":15560,"template":"","meta":[],"product_brand":[153],"product_cat":[91],"product_tag":[],"class_list":{"0":"post-15903","1":"product","2":"type-product","3":"status-publish","4":"has-post-thumbnail","6":"product_brand-eterle-cz","7":"product_cat-prodane","9":"first","10":"outofstock","11":"purchasable","12":"product-type-simple"},"_links":{"self":[{"href":"https:\/\/eterle.cz\/eshop\/wp-json\/wp\/v2\/product\/15903","targetHints":{"allow":["GET"]}}],"collection":[{"href":"https:\/\/eterle.cz\/eshop\/wp-json\/wp\/v2\/product"}],"about":[{"href":"https:\/\/eterle.cz\/eshop\/wp-json\/wp\/v2\/types\/product"}],"version-history":[{"count":1,"href":"https:\/\/eterle.cz\/eshop\/wp-json\/wp\/v2\/product\/15903\/revisions"}],"predecessor-version":[{"id":15938,"href":"https:\/\/eterle.cz\/eshop\/wp-json\/wp\/v2\/product\/15903\/revisions\/15938"}],"wp:featuredmedia":[{"embeddable":true,"href":"https:\/\/eterle.cz\/eshop\/wp-json\/wp\/v2\/media\/15560"}],"wp:attachment":[{"href":"https:\/\/eterle.cz\/eshop\/wp-json\/wp\/v2\/media?parent=15903"}],"wp:term":[{"taxonomy":"product_brand","embeddable":true,"href":"https:\/\/eterle.cz\/eshop\/wp-json\/wp\/v2\/product_brand?post=15903"},{"taxonomy":"product_cat","embeddable":true,"href":"https:\/\/eterle.cz\/eshop\/wp-json\/wp\/v2\/product_cat?post=15903"},{"taxonomy":"product_tag","embeddable":true,"href":"https:\/\/eterle.cz\/eshop\/wp-json\/wp\/v2\/product_tag?post=15903"}],"curies":[{"name":"wp","href":"https:\/\/api.w.org\/{rel}","templated":true}]}}