{"id":15904,"date":"2023-10-20T20:38:25","date_gmt":"2023-10-20T18:38:25","guid":{"rendered":"https:\/\/eterle.cz\/eshop\/produkt\/plocha-vaza-rosenthal\/"},"modified":"2026-03-25T19:48:33","modified_gmt":"2026-03-25T18:48:33","slug":"plocha-vaza-rosenthal","status":"publish","type":"product","link":"https:\/\/eterle.cz\/eshop\/produkt\/plocha-vaza-rosenthal\/","title":{"rendered":"Ploch\u00e1 v\u00e1za \/ Rosenthal"},"content":{"rendered":"<p>Minimalistick\u00e1 modenr\u00ed porcel\u00e1nov\u00e1 v\u00e1za od n\u011bmeck\u00e9 zna\u010dky Rosenthal, kter\u00e9 slu\u0161\u00ed kv\u011btiny naaran\u017eovan\u00e9 v jedn\u00e9 linii.<\/p>\n<p>Stav: perfektn\u00ed<br \/>\nZna\u010dka: Rosenthal<br \/>\nRozm\u011br<br \/>\nV\u00fd\u0161ka: 13 cm<br \/>\nRozm\u011br otvoru: 12 x 5 cm<\/p>\n","protected":false},"excerpt":{"rendered":"<p>Minimalistick\u00e1 modenr\u00ed porcel\u00e1nov\u00e1 v\u00e1za od n\u011bmeck\u00e9 zna\u010dky Rosenthal, kter\u00e9 slu\u0161\u00ed kv\u011btiny naaran\u017eovan\u00e9 v jedn\u00e9 linii. Stav: perfektn\u00ed Zna\u010dka: Rosenthal Rozm\u011br<\/p>\n","protected":false},"featured_media":15564,"template":"","meta":[],"product_brand":[153],"product_cat":[91],"product_tag":[],"class_list":{"0":"post-15904","1":"product","2":"type-product","3":"status-publish","4":"has-post-thumbnail","6":"product_brand-eterle-cz","7":"product_cat-prodane","9":"first","10":"outofstock","11":"purchasable","12":"product-type-simple"},"_links":{"self":[{"href":"https:\/\/eterle.cz\/eshop\/wp-json\/wp\/v2\/product\/15904","targetHints":{"allow":["GET"]}}],"collection":[{"href":"https:\/\/eterle.cz\/eshop\/wp-json\/wp\/v2\/product"}],"about":[{"href":"https:\/\/eterle.cz\/eshop\/wp-json\/wp\/v2\/types\/product"}],"version-history":[{"count":2,"href":"https:\/\/eterle.cz\/eshop\/wp-json\/wp\/v2\/product\/15904\/revisions"}],"predecessor-version":[{"id":34942,"href":"https:\/\/eterle.cz\/eshop\/wp-json\/wp\/v2\/product\/15904\/revisions\/34942"}],"wp:featuredmedia":[{"embeddable":true,"href":"https:\/\/eterle.cz\/eshop\/wp-json\/wp\/v2\/media\/15564"}],"wp:attachment":[{"href":"https:\/\/eterle.cz\/eshop\/wp-json\/wp\/v2\/media?parent=15904"}],"wp:term":[{"taxonomy":"product_brand","embeddable":true,"href":"https:\/\/eterle.cz\/eshop\/wp-json\/wp\/v2\/product_brand?post=15904"},{"taxonomy":"product_cat","embeddable":true,"href":"https:\/\/eterle.cz\/eshop\/wp-json\/wp\/v2\/product_cat?post=15904"},{"taxonomy":"product_tag","embeddable":true,"href":"https:\/\/eterle.cz\/eshop\/wp-json\/wp\/v2\/product_tag?post=15904"}],"curies":[{"name":"wp","href":"https:\/\/api.w.org\/{rel}","templated":true}]}}