{"id":15905,"date":"2023-10-20T20:38:29","date_gmt":"2023-10-20T18:38:29","guid":{"rendered":"https:\/\/eterle.cz\/eshop\/produkt\/vaza-i-karafa-benedikt\/"},"modified":"2026-02-21T21:54:21","modified_gmt":"2026-02-21T20:54:21","slug":"vaza-i-karafa-benedikt","status":"publish","type":"product","link":"https:\/\/eterle.cz\/eshop\/produkt\/vaza-i-karafa-benedikt\/","title":{"rendered":"V\u00e1za i karafa \/  Benedikt"},"content":{"rendered":"<p>Porcel\u00e1nov\u00e1 karafa s modern\u00edm profilovan\u00fdm povrchem lze pou\u017e\u00edt i jako v\u00e1za.<\/p>\n<p>Stav: nov\u00e1<br \/>\nZna\u010dka: Benedikt<br \/>\nRozm\u011br<br \/>\nV\u00fd\u0161ka: 25 cm<br \/>\nPr\u016fm\u011br otvoru: 8 cm<\/p>\n","protected":false},"excerpt":{"rendered":"<p>Porcel\u00e1nov\u00e1 karafa s modern\u00edm profilovan\u00fdm povrchem lze pou\u017e\u00edt i jako v\u00e1za. Stav: nov\u00e1 Zna\u010dka: Benedikt Rozm\u011br V\u00fd\u0161ka: 25 cm Pr\u016fm\u011br<\/p>\n","protected":false},"featured_media":15568,"template":"","meta":[],"product_brand":[153],"product_cat":[94],"product_tag":[],"class_list":{"0":"post-15905","1":"product","2":"type-product","3":"status-publish","4":"has-post-thumbnail","6":"product_brand-eterle-cz","7":"product_cat-vazy","9":"first","10":"instock","11":"purchasable","12":"product-type-simple"},"_links":{"self":[{"href":"https:\/\/eterle.cz\/eshop\/wp-json\/wp\/v2\/product\/15905","targetHints":{"allow":["GET"]}}],"collection":[{"href":"https:\/\/eterle.cz\/eshop\/wp-json\/wp\/v2\/product"}],"about":[{"href":"https:\/\/eterle.cz\/eshop\/wp-json\/wp\/v2\/types\/product"}],"version-history":[{"count":1,"href":"https:\/\/eterle.cz\/eshop\/wp-json\/wp\/v2\/product\/15905\/revisions"}],"predecessor-version":[{"id":26275,"href":"https:\/\/eterle.cz\/eshop\/wp-json\/wp\/v2\/product\/15905\/revisions\/26275"}],"wp:featuredmedia":[{"embeddable":true,"href":"https:\/\/eterle.cz\/eshop\/wp-json\/wp\/v2\/media\/15568"}],"wp:attachment":[{"href":"https:\/\/eterle.cz\/eshop\/wp-json\/wp\/v2\/media?parent=15905"}],"wp:term":[{"taxonomy":"product_brand","embeddable":true,"href":"https:\/\/eterle.cz\/eshop\/wp-json\/wp\/v2\/product_brand?post=15905"},{"taxonomy":"product_cat","embeddable":true,"href":"https:\/\/eterle.cz\/eshop\/wp-json\/wp\/v2\/product_cat?post=15905"},{"taxonomy":"product_tag","embeddable":true,"href":"https:\/\/eterle.cz\/eshop\/wp-json\/wp\/v2\/product_tag?post=15905"}],"curies":[{"name":"wp","href":"https:\/\/api.w.org\/{rel}","templated":true}]}}