{"id":15906,"date":"2023-10-20T20:38:34","date_gmt":"2023-10-20T18:38:34","guid":{"rendered":"https:\/\/eterle.cz\/eshop\/produkt\/porcelanova-vaza-rosenthal-8\/"},"modified":"2025-02-16T02:51:57","modified_gmt":"2025-02-16T01:51:57","slug":"porcelanova-vaza-rosenthal-8","status":"publish","type":"product","link":"https:\/\/eterle.cz\/eshop\/produkt\/porcelanova-vaza-rosenthal-8\/","title":{"rendered":"Porcel\u00e1nov\u00e1 v\u00e1za \/ Rosenthal"},"content":{"rendered":"<p>Porcel\u00e1nov\u00e1 v\u00e1za od n\u011bmeck\u00e9 zna\u010dky Rosenthal m\u00e1 velmi jednoduch\u00fd tvar s velmi bohat\u00fdm zlat\u00fdm dekorem, kter\u00fd p\u016fsob\u00ed jak japonsk\u00e1 perokresba.<\/p>\n<p>Stav: pefektn\u00ed<br \/>\nZna\u010dka: Rosenthal<br \/>\nRozm\u011br<br \/>\nV\u00fd\u0161ka: 19,5 cm<br \/>\nRozm\u011br otvoru: 8,5 x 6 cm<\/p>\n","protected":false},"excerpt":{"rendered":"<p>Porcel\u00e1nov\u00e1 v\u00e1za od n\u011bmeck\u00e9 zna\u010dky Rosenthal m\u00e1 velmi jednoduch\u00fd tvar s velmi bohat\u00fdm zlat\u00fdm dekorem, kter\u00fd p\u016fsob\u00ed jak japonsk\u00e1 perokresba.<\/p>\n","protected":false},"featured_media":15572,"template":"","meta":[],"product_brand":[153],"product_cat":[91],"product_tag":[],"class_list":{"0":"post-15906","1":"product","2":"type-product","3":"status-publish","4":"has-post-thumbnail","6":"product_brand-eterle-cz","7":"product_cat-prodane","9":"first","10":"outofstock","11":"purchasable","12":"product-type-simple"},"_links":{"self":[{"href":"https:\/\/eterle.cz\/eshop\/wp-json\/wp\/v2\/product\/15906","targetHints":{"allow":["GET"]}}],"collection":[{"href":"https:\/\/eterle.cz\/eshop\/wp-json\/wp\/v2\/product"}],"about":[{"href":"https:\/\/eterle.cz\/eshop\/wp-json\/wp\/v2\/types\/product"}],"version-history":[{"count":1,"href":"https:\/\/eterle.cz\/eshop\/wp-json\/wp\/v2\/product\/15906\/revisions"}],"predecessor-version":[{"id":16765,"href":"https:\/\/eterle.cz\/eshop\/wp-json\/wp\/v2\/product\/15906\/revisions\/16765"}],"wp:featuredmedia":[{"embeddable":true,"href":"https:\/\/eterle.cz\/eshop\/wp-json\/wp\/v2\/media\/15572"}],"wp:attachment":[{"href":"https:\/\/eterle.cz\/eshop\/wp-json\/wp\/v2\/media?parent=15906"}],"wp:term":[{"taxonomy":"product_brand","embeddable":true,"href":"https:\/\/eterle.cz\/eshop\/wp-json\/wp\/v2\/product_brand?post=15906"},{"taxonomy":"product_cat","embeddable":true,"href":"https:\/\/eterle.cz\/eshop\/wp-json\/wp\/v2\/product_cat?post=15906"},{"taxonomy":"product_tag","embeddable":true,"href":"https:\/\/eterle.cz\/eshop\/wp-json\/wp\/v2\/product_tag?post=15906"}],"curies":[{"name":"wp","href":"https:\/\/api.w.org\/{rel}","templated":true}]}}