{"id":15907,"date":"2023-10-20T20:38:39","date_gmt":"2023-10-20T18:38:39","guid":{"rendered":"https:\/\/eterle.cz\/eshop\/produkt\/porcelanova-vaza-rosenthal-9\/"},"modified":"2025-06-24T01:53:40","modified_gmt":"2025-06-23T23:53:40","slug":"porcelanova-vaza-rosenthal-9","status":"publish","type":"product","link":"https:\/\/eterle.cz\/eshop\/produkt\/porcelanova-vaza-rosenthal-9\/","title":{"rendered":"Porcel\u00e1nov\u00e1 v\u00e1za \/ Rosenthal"},"content":{"rendered":"<p>Velmi zaj\u00edmav\u00e1 minimalistick\u00e1 v\u00e1za od n\u011bmeck\u00e9 porcle\u00e1nky Rosenthal, kter\u00e9 sta\u010d\u00ed pouze jedna kv\u011btina. Vrchn\u00ed \u010d\u00e1st v\u00e1zy evokuje kruhy na vodn\u00ed hladin\u011b.<\/p>\n<p>Stav: perfektn\u00ed<br \/>\nZna\u010dka: Rosenthal<br \/>\nRozm\u011br<br \/>\nV\u00fd\u0161ka: 21 cm<br \/>\nPr\u016fm\u011br otvoru: 2,5 cm<\/p>\n","protected":false},"excerpt":{"rendered":"<p>Velmi zaj\u00edmav\u00e1 minimalistick\u00e1 v\u00e1za od n\u011bmeck\u00e9 porcle\u00e1nky Rosenthal, kter\u00e9 sta\u010d\u00ed pouze jedna kv\u011btina. Vrchn\u00ed \u010d\u00e1st v\u00e1zy evokuje kruhy na vodn\u00ed<\/p>\n","protected":false},"featured_media":15576,"template":"","meta":[],"product_brand":[153],"product_cat":[101,94],"product_tag":[],"class_list":{"0":"post-15907","1":"product","2":"type-product","3":"status-publish","4":"has-post-thumbnail","6":"product_brand-eterle-cz","7":"product_cat-rosenthal","8":"product_cat-vazy","10":"first","11":"instock","12":"purchasable","13":"product-type-simple"},"_links":{"self":[{"href":"https:\/\/eterle.cz\/eshop\/wp-json\/wp\/v2\/product\/15907","targetHints":{"allow":["GET"]}}],"collection":[{"href":"https:\/\/eterle.cz\/eshop\/wp-json\/wp\/v2\/product"}],"about":[{"href":"https:\/\/eterle.cz\/eshop\/wp-json\/wp\/v2\/types\/product"}],"version-history":[{"count":1,"href":"https:\/\/eterle.cz\/eshop\/wp-json\/wp\/v2\/product\/15907\/revisions"}],"predecessor-version":[{"id":26274,"href":"https:\/\/eterle.cz\/eshop\/wp-json\/wp\/v2\/product\/15907\/revisions\/26274"}],"wp:featuredmedia":[{"embeddable":true,"href":"https:\/\/eterle.cz\/eshop\/wp-json\/wp\/v2\/media\/15576"}],"wp:attachment":[{"href":"https:\/\/eterle.cz\/eshop\/wp-json\/wp\/v2\/media?parent=15907"}],"wp:term":[{"taxonomy":"product_brand","embeddable":true,"href":"https:\/\/eterle.cz\/eshop\/wp-json\/wp\/v2\/product_brand?post=15907"},{"taxonomy":"product_cat","embeddable":true,"href":"https:\/\/eterle.cz\/eshop\/wp-json\/wp\/v2\/product_cat?post=15907"},{"taxonomy":"product_tag","embeddable":true,"href":"https:\/\/eterle.cz\/eshop\/wp-json\/wp\/v2\/product_tag?post=15907"}],"curies":[{"name":"wp","href":"https:\/\/api.w.org\/{rel}","templated":true}]}}