{"id":15909,"date":"2023-10-20T20:38:49","date_gmt":"2023-10-20T18:38:49","guid":{"rendered":"https:\/\/eterle.cz\/eshop\/produkt\/vaza-presipaci-hodiny-heinrich\/"},"modified":"2025-02-16T02:51:56","modified_gmt":"2025-02-16T01:51:56","slug":"vaza-presipaci-hodiny-heinrich","status":"publish","type":"product","link":"https:\/\/eterle.cz\/eshop\/produkt\/vaza-presipaci-hodiny-heinrich\/","title":{"rendered":"V\u00e1za p\u0159es\u00edpac\u00ed hodiny \/ Heinrich"},"content":{"rendered":"<p>Minimalistick\u00e1 porcel\u00e1nov\u00e1 v\u00e1za ve tvaru p\u0159es\u00edpac\u00edch hodin je velmi praktick\u00e1 na v\u00e1zan\u00e9 kytice.<\/p>\n<p>Stav: zvenku perfektn\u00ed, uvnit\u0159 na dn\u011b je po obvodu krou\u017eek od vody<br \/>\nZna\u010dka: Heinrich<br \/>\nRozm\u011br<br \/>\nV\u00fd\u0161ka: 27 cm<br \/>\nPr\u016fm\u011br otvoru: 13 cm<\/p>\n","protected":false},"excerpt":{"rendered":"<p>Minimalistick\u00e1 porcel\u00e1nov\u00e1 v\u00e1za ve tvaru p\u0159es\u00edpac\u00edch hodin je velmi praktick\u00e1 na v\u00e1zan\u00e9 kytice. Stav: zvenku perfektn\u00ed, uvnit\u0159 na dn\u011b je<\/p>\n","protected":false},"featured_media":15585,"template":"","meta":[],"product_brand":[153],"product_cat":[91],"product_tag":[],"class_list":{"0":"post-15909","1":"product","2":"type-product","3":"status-publish","4":"has-post-thumbnail","6":"product_brand-eterle-cz","7":"product_cat-prodane","9":"first","10":"outofstock","11":"purchasable","12":"product-type-simple"},"_links":{"self":[{"href":"https:\/\/eterle.cz\/eshop\/wp-json\/wp\/v2\/product\/15909","targetHints":{"allow":["GET"]}}],"collection":[{"href":"https:\/\/eterle.cz\/eshop\/wp-json\/wp\/v2\/product"}],"about":[{"href":"https:\/\/eterle.cz\/eshop\/wp-json\/wp\/v2\/types\/product"}],"version-history":[{"count":0,"href":"https:\/\/eterle.cz\/eshop\/wp-json\/wp\/v2\/product\/15909\/revisions"}],"wp:featuredmedia":[{"embeddable":true,"href":"https:\/\/eterle.cz\/eshop\/wp-json\/wp\/v2\/media\/15585"}],"wp:attachment":[{"href":"https:\/\/eterle.cz\/eshop\/wp-json\/wp\/v2\/media?parent=15909"}],"wp:term":[{"taxonomy":"product_brand","embeddable":true,"href":"https:\/\/eterle.cz\/eshop\/wp-json\/wp\/v2\/product_brand?post=15909"},{"taxonomy":"product_cat","embeddable":true,"href":"https:\/\/eterle.cz\/eshop\/wp-json\/wp\/v2\/product_cat?post=15909"},{"taxonomy":"product_tag","embeddable":true,"href":"https:\/\/eterle.cz\/eshop\/wp-json\/wp\/v2\/product_tag?post=15909"}],"curies":[{"name":"wp","href":"https:\/\/api.w.org\/{rel}","templated":true}]}}