{"id":15910,"date":"2023-10-20T20:38:53","date_gmt":"2023-10-20T18:38:53","guid":{"rendered":"https:\/\/eterle.cz\/eshop\/produkt\/porcelanova-vaza-rosenthal-10\/"},"modified":"2025-02-16T02:51:56","modified_gmt":"2025-02-16T01:51:56","slug":"porcelanova-vaza-rosenthal-10","status":"publish","type":"product","link":"https:\/\/eterle.cz\/eshop\/produkt\/porcelanova-vaza-rosenthal-10\/","title":{"rendered":"Porcel\u00e1nov\u00e1 v\u00e1za \/ Rosenthal"},"content":{"rendered":"<p>\u00dazk\u00e1 vysok\u00e1 v\u00e1za se skosen\u00fdmi hranami zv\u00fdrazn\u011bn\u00fdmi siln\u00fdm zlacen\u00edm. Hod\u00ed se do modern\u00edho prost\u0159ed\u00ed tak i do ineri\u00e9ru se staro\u017eitn\u00fdm n\u00e1bytkem a v\u017edy bude p\u016fsobit luxusn\u011b.<\/p>\n<p>Stav: velmi dobr\u00fd<br \/>\nZna\u010dka: Rosenthal<br \/>\nRozm\u011br<br \/>\nV\u00fd\u0161ka: 30 cm<br \/>\nPr\u016fm\u011br otvoru: 8 cm<\/p>\n","protected":false},"excerpt":{"rendered":"<p>\u00dazk\u00e1 vysok\u00e1 v\u00e1za se skosen\u00fdmi hranami zv\u00fdrazn\u011bn\u00fdmi siln\u00fdm zlacen\u00edm. Hod\u00ed se do modern\u00edho prost\u0159ed\u00ed tak i do ineri\u00e9ru se staro\u017eitn\u00fdm<\/p>\n","protected":false},"featured_media":15589,"template":"","meta":[],"product_brand":[153],"product_cat":[91],"product_tag":[],"class_list":{"0":"post-15910","1":"product","2":"type-product","3":"status-publish","4":"has-post-thumbnail","6":"product_brand-eterle-cz","7":"product_cat-prodane","9":"first","10":"outofstock","11":"purchasable","12":"product-type-simple"},"_links":{"self":[{"href":"https:\/\/eterle.cz\/eshop\/wp-json\/wp\/v2\/product\/15910","targetHints":{"allow":["GET"]}}],"collection":[{"href":"https:\/\/eterle.cz\/eshop\/wp-json\/wp\/v2\/product"}],"about":[{"href":"https:\/\/eterle.cz\/eshop\/wp-json\/wp\/v2\/types\/product"}],"version-history":[{"count":1,"href":"https:\/\/eterle.cz\/eshop\/wp-json\/wp\/v2\/product\/15910\/revisions"}],"predecessor-version":[{"id":16346,"href":"https:\/\/eterle.cz\/eshop\/wp-json\/wp\/v2\/product\/15910\/revisions\/16346"}],"wp:featuredmedia":[{"embeddable":true,"href":"https:\/\/eterle.cz\/eshop\/wp-json\/wp\/v2\/media\/15589"}],"wp:attachment":[{"href":"https:\/\/eterle.cz\/eshop\/wp-json\/wp\/v2\/media?parent=15910"}],"wp:term":[{"taxonomy":"product_brand","embeddable":true,"href":"https:\/\/eterle.cz\/eshop\/wp-json\/wp\/v2\/product_brand?post=15910"},{"taxonomy":"product_cat","embeddable":true,"href":"https:\/\/eterle.cz\/eshop\/wp-json\/wp\/v2\/product_cat?post=15910"},{"taxonomy":"product_tag","embeddable":true,"href":"https:\/\/eterle.cz\/eshop\/wp-json\/wp\/v2\/product_tag?post=15910"}],"curies":[{"name":"wp","href":"https:\/\/api.w.org\/{rel}","templated":true}]}}