{"id":15912,"date":"2023-10-20T20:39:05","date_gmt":"2023-10-20T18:39:05","guid":{"rendered":"https:\/\/eterle.cz\/eshop\/produkt\/porcelanova-vaza-design-buchta\/"},"modified":"2025-02-16T02:51:55","modified_gmt":"2025-02-16T01:51:55","slug":"porcelanova-vaza-design-buchta","status":"publish","type":"product","link":"https:\/\/eterle.cz\/eshop\/produkt\/porcelanova-vaza-design-buchta\/","title":{"rendered":"Porcel\u00e1nov\u00e1 v\u00e1za \/ Design Buchta"},"content":{"rendered":"<p>Porcel\u00e1nov\u00e1 v\u00e1za neobvykl\u00e9ho tvaru osciluj\u00edc\u00ed mezi modernou a bruselsk\u00fdm stylem.<\/p>\n<p>Stav: perfektn\u00ed<br \/>\nZna\u010dka: Buchta<br \/>\nRozm\u011br<br \/>\nV\u00fd\u0161ka: 15 cm<br \/>\nVelikost otvoru: 7&#215;6  cm<\/p>\n","protected":false},"excerpt":{"rendered":"<p>Porcel\u00e1nov\u00e1 v\u00e1za neobvykl\u00e9ho tvaru osciluj\u00edc\u00ed mezi modernou a bruselsk\u00fdm stylem. Stav: perfektn\u00ed Zna\u010dka: Buchta Rozm\u011br V\u00fd\u0161ka: 15 cm Velikost otvoru:<\/p>\n","protected":false},"featured_media":15598,"template":"","meta":[],"product_brand":[153],"product_cat":[91],"product_tag":[],"class_list":{"0":"post-15912","1":"product","2":"type-product","3":"status-publish","4":"has-post-thumbnail","6":"product_brand-eterle-cz","7":"product_cat-prodane","9":"first","10":"outofstock","11":"purchasable","12":"product-type-simple"},"_links":{"self":[{"href":"https:\/\/eterle.cz\/eshop\/wp-json\/wp\/v2\/product\/15912","targetHints":{"allow":["GET"]}}],"collection":[{"href":"https:\/\/eterle.cz\/eshop\/wp-json\/wp\/v2\/product"}],"about":[{"href":"https:\/\/eterle.cz\/eshop\/wp-json\/wp\/v2\/types\/product"}],"version-history":[{"count":0,"href":"https:\/\/eterle.cz\/eshop\/wp-json\/wp\/v2\/product\/15912\/revisions"}],"wp:featuredmedia":[{"embeddable":true,"href":"https:\/\/eterle.cz\/eshop\/wp-json\/wp\/v2\/media\/15598"}],"wp:attachment":[{"href":"https:\/\/eterle.cz\/eshop\/wp-json\/wp\/v2\/media?parent=15912"}],"wp:term":[{"taxonomy":"product_brand","embeddable":true,"href":"https:\/\/eterle.cz\/eshop\/wp-json\/wp\/v2\/product_brand?post=15912"},{"taxonomy":"product_cat","embeddable":true,"href":"https:\/\/eterle.cz\/eshop\/wp-json\/wp\/v2\/product_cat?post=15912"},{"taxonomy":"product_tag","embeddable":true,"href":"https:\/\/eterle.cz\/eshop\/wp-json\/wp\/v2\/product_tag?post=15912"}],"curies":[{"name":"wp","href":"https:\/\/api.w.org\/{rel}","templated":true}]}}