{"id":15913,"date":"2023-10-20T20:39:10","date_gmt":"2023-10-20T18:39:10","guid":{"rendered":"https:\/\/eterle.cz\/eshop\/produkt\/porcelanova-vaza-heinrich-4\/"},"modified":"2025-06-24T01:53:40","modified_gmt":"2025-06-23T23:53:40","slug":"porcelanova-vaza-heinrich-4","status":"publish","type":"product","link":"https:\/\/eterle.cz\/eshop\/produkt\/porcelanova-vaza-heinrich-4\/","title":{"rendered":"Porcel\u00e1nov\u00e1 v\u00e1za \/ Heinrich"},"content":{"rendered":"<p>Velk\u00e1 stabiln\u00ed porcel\u00e1nov\u00e1 v\u00e1za jednoduch\u00e9ho tvaru pojme objmen\u00fd svazek kv\u011btin i v\u011btve. V\u00e1za vynikne na prostorn\u00e9m j\u00eddeln\u00edm stole nebo na konferen\u010dn\u00edm stolku v hale.<\/p>\n<p>Stav: perfektn\u00ed<br \/>\nZna\u010dka: Heinrich<br \/>\nRozm\u011br<br \/>\nV\u00fd\u0161ka: 33 cm<br \/>\nPr\u016fm\u011br otvoru: 13,5 cm<\/p>\n","protected":false},"excerpt":{"rendered":"<p>Velk\u00e1 stabiln\u00ed porcel\u00e1nov\u00e1 v\u00e1za jednoduch\u00e9ho tvaru pojme objmen\u00fd svazek kv\u011btin i v\u011btve. V\u00e1za vynikne na prostorn\u00e9m j\u00eddeln\u00edm stole nebo na<\/p>\n","protected":false},"featured_media":15602,"template":"","meta":[],"product_brand":[153],"product_cat":[94],"product_tag":[],"class_list":{"0":"post-15913","1":"product","2":"type-product","3":"status-publish","4":"has-post-thumbnail","6":"product_brand-eterle-cz","7":"product_cat-vazy","9":"first","10":"instock","11":"purchasable","12":"product-type-simple"},"_links":{"self":[{"href":"https:\/\/eterle.cz\/eshop\/wp-json\/wp\/v2\/product\/15913","targetHints":{"allow":["GET"]}}],"collection":[{"href":"https:\/\/eterle.cz\/eshop\/wp-json\/wp\/v2\/product"}],"about":[{"href":"https:\/\/eterle.cz\/eshop\/wp-json\/wp\/v2\/types\/product"}],"version-history":[{"count":1,"href":"https:\/\/eterle.cz\/eshop\/wp-json\/wp\/v2\/product\/15913\/revisions"}],"predecessor-version":[{"id":26273,"href":"https:\/\/eterle.cz\/eshop\/wp-json\/wp\/v2\/product\/15913\/revisions\/26273"}],"wp:featuredmedia":[{"embeddable":true,"href":"https:\/\/eterle.cz\/eshop\/wp-json\/wp\/v2\/media\/15602"}],"wp:attachment":[{"href":"https:\/\/eterle.cz\/eshop\/wp-json\/wp\/v2\/media?parent=15913"}],"wp:term":[{"taxonomy":"product_brand","embeddable":true,"href":"https:\/\/eterle.cz\/eshop\/wp-json\/wp\/v2\/product_brand?post=15913"},{"taxonomy":"product_cat","embeddable":true,"href":"https:\/\/eterle.cz\/eshop\/wp-json\/wp\/v2\/product_cat?post=15913"},{"taxonomy":"product_tag","embeddable":true,"href":"https:\/\/eterle.cz\/eshop\/wp-json\/wp\/v2\/product_tag?post=15913"}],"curies":[{"name":"wp","href":"https:\/\/api.w.org\/{rel}","templated":true}]}}