{"id":15914,"date":"2023-10-20T20:39:16","date_gmt":"2023-10-20T18:39:16","guid":{"rendered":"https:\/\/eterle.cz\/eshop\/produkt\/porcelanova-vaza-leander\/"},"modified":"2025-02-16T02:51:54","modified_gmt":"2025-02-16T01:51:54","slug":"porcelanova-vaza-leander","status":"publish","type":"product","link":"https:\/\/eterle.cz\/eshop\/produkt\/porcelanova-vaza-leander\/","title":{"rendered":"Porcel\u00e1nov\u00e1 v\u00e1za  \/ Leander"},"content":{"rendered":"<p>Vysok\u00e1 porcel\u00e1nov\u00e1 v\u00e1za ve tvaru amfory s bohat\u00fdm plastick\u00fdm zdoben\u00edm b\u00edl\u00fdch kv\u011bt\u016f, kter\u00e9 m\u00edsty p\u0159ekr\u00fdv\u00e1 je\u0161t\u011b jejich malovan\u00e1 kopie. V\u00e1za je od od \u010desk\u00e9 porcel\u00e1nky Leander, kter\u00e1 vyr\u00e1b\u00ed vysoce kvalitn\u00ed porcel\u00e1n ru\u010dn\u00ed v\u00fdroby. Do sady m\u00e1me je\u0161t\u011b men\u0161\u00ed v\u00e1zu buclat\u00e9ho tvaru, ale stejn\u00e9ho dekoru.<\/p>\n<p>Stav: perfektn\u00ed, nepou\u017eit\u00e1<br \/>\nZna\u010dka: Leander<br \/>\nRozm\u011br<br \/>\nV\u00fd\u0161ka: 30 cm<br \/>\nPr\u016fm\u011br otvoru (vnit\u0159n\u00ed): 8 cm<\/p>\n","protected":false},"excerpt":{"rendered":"<p>Vysok\u00e1 porcel\u00e1nov\u00e1 v\u00e1za ve tvaru amfory s bohat\u00fdm plastick\u00fdm zdoben\u00edm b\u00edl\u00fdch kv\u011bt\u016f, kter\u00e9 m\u00edsty p\u0159ekr\u00fdv\u00e1 je\u0161t\u011b jejich malovan\u00e1 kopie. V\u00e1za<\/p>\n","protected":false},"featured_media":15606,"template":"","meta":[],"product_brand":[153],"product_cat":[91],"product_tag":[],"class_list":{"0":"post-15914","1":"product","2":"type-product","3":"status-publish","4":"has-post-thumbnail","6":"product_brand-eterle-cz","7":"product_cat-prodane","9":"first","10":"outofstock","11":"purchasable","12":"product-type-simple"},"_links":{"self":[{"href":"https:\/\/eterle.cz\/eshop\/wp-json\/wp\/v2\/product\/15914","targetHints":{"allow":["GET"]}}],"collection":[{"href":"https:\/\/eterle.cz\/eshop\/wp-json\/wp\/v2\/product"}],"about":[{"href":"https:\/\/eterle.cz\/eshop\/wp-json\/wp\/v2\/types\/product"}],"version-history":[{"count":0,"href":"https:\/\/eterle.cz\/eshop\/wp-json\/wp\/v2\/product\/15914\/revisions"}],"wp:featuredmedia":[{"embeddable":true,"href":"https:\/\/eterle.cz\/eshop\/wp-json\/wp\/v2\/media\/15606"}],"wp:attachment":[{"href":"https:\/\/eterle.cz\/eshop\/wp-json\/wp\/v2\/media?parent=15914"}],"wp:term":[{"taxonomy":"product_brand","embeddable":true,"href":"https:\/\/eterle.cz\/eshop\/wp-json\/wp\/v2\/product_brand?post=15914"},{"taxonomy":"product_cat","embeddable":true,"href":"https:\/\/eterle.cz\/eshop\/wp-json\/wp\/v2\/product_cat?post=15914"},{"taxonomy":"product_tag","embeddable":true,"href":"https:\/\/eterle.cz\/eshop\/wp-json\/wp\/v2\/product_tag?post=15914"}],"curies":[{"name":"wp","href":"https:\/\/api.w.org\/{rel}","templated":true}]}}