{"id":15916,"date":"2023-10-20T20:39:26","date_gmt":"2023-10-20T18:39:26","guid":{"rendered":"https:\/\/eterle.cz\/eshop\/produkt\/amforovita-vaza-s-kvety-leander\/"},"modified":"2025-06-24T01:53:40","modified_gmt":"2025-06-23T23:53:40","slug":"amforovita-vaza-s-kvety-leander","status":"publish","type":"product","link":"https:\/\/eterle.cz\/eshop\/produkt\/amforovita-vaza-s-kvety-leander\/","title":{"rendered":"Amf\u00f3rovit\u00e1 v\u00e1za s kv\u011bty \/ Leander"},"content":{"rendered":"<p>Vysok\u00e1 porcel\u00e1nov\u00e1 v\u00e1za ve tvaru amfory s u\u017e\u0161\u00edm hrdlem zdobena kv\u011bty r\u016f\u017e\u00ed. V\u00e1za je od \u010desk\u00e9 porcel\u00e1nky Leander, kter\u00e1 vyr\u00e1b\u00ed vysoce kvalitn\u00ed porcel\u00e1n ru\u010dn\u00ed v\u00fdroby.<\/p>\n<p>Stav: perfektn\u00ed, nepou\u017eit\u00e1<br \/>\nZna\u010dka: Leander<br \/>\nRozm\u011br<br \/>\nV\u00fd\u0161ka: 29 cm<br \/>\nPr\u016fm\u011br otvoru (vnit\u0159n\u00ed): 3 cm<\/p>\n","protected":false},"excerpt":{"rendered":"<p>Vysok\u00e1 porcel\u00e1nov\u00e1 v\u00e1za ve tvaru amfory s u\u017e\u0161\u00edm hrdlem zdobena kv\u011bty r\u016f\u017e\u00ed. V\u00e1za je od \u010desk\u00e9 porcel\u00e1nky Leander, kter\u00e1 vyr\u00e1b\u00ed<\/p>\n","protected":false},"featured_media":15616,"template":"","meta":[],"product_brand":[153],"product_cat":[94],"product_tag":[],"class_list":{"0":"post-15916","1":"product","2":"type-product","3":"status-publish","4":"has-post-thumbnail","6":"product_brand-eterle-cz","7":"product_cat-vazy","9":"first","10":"instock","11":"purchasable","12":"product-type-simple"},"_links":{"self":[{"href":"https:\/\/eterle.cz\/eshop\/wp-json\/wp\/v2\/product\/15916","targetHints":{"allow":["GET"]}}],"collection":[{"href":"https:\/\/eterle.cz\/eshop\/wp-json\/wp\/v2\/product"}],"about":[{"href":"https:\/\/eterle.cz\/eshop\/wp-json\/wp\/v2\/types\/product"}],"version-history":[{"count":1,"href":"https:\/\/eterle.cz\/eshop\/wp-json\/wp\/v2\/product\/15916\/revisions"}],"predecessor-version":[{"id":26272,"href":"https:\/\/eterle.cz\/eshop\/wp-json\/wp\/v2\/product\/15916\/revisions\/26272"}],"wp:featuredmedia":[{"embeddable":true,"href":"https:\/\/eterle.cz\/eshop\/wp-json\/wp\/v2\/media\/15616"}],"wp:attachment":[{"href":"https:\/\/eterle.cz\/eshop\/wp-json\/wp\/v2\/media?parent=15916"}],"wp:term":[{"taxonomy":"product_brand","embeddable":true,"href":"https:\/\/eterle.cz\/eshop\/wp-json\/wp\/v2\/product_brand?post=15916"},{"taxonomy":"product_cat","embeddable":true,"href":"https:\/\/eterle.cz\/eshop\/wp-json\/wp\/v2\/product_cat?post=15916"},{"taxonomy":"product_tag","embeddable":true,"href":"https:\/\/eterle.cz\/eshop\/wp-json\/wp\/v2\/product_tag?post=15916"}],"curies":[{"name":"wp","href":"https:\/\/api.w.org\/{rel}","templated":true}]}}